{"id":7,"date":"2021-07-27T12:52:06","date_gmt":"2021-07-27T10:52:06","guid":{"rendered":"https:\/\/metatox.com\/uzlet\/"},"modified":"2022-02-23T10:25:37","modified_gmt":"2022-02-23T08:25:37","slug":"webshop","status":"publish","type":"page","link":"https:\/\/metatox.com\/de\/webshop\/","title":{"rendered":"Webshop"},"content":{"rendered":"<div data-elementor-type=\"wp-page\" data-elementor-id=\"7\" class=\"elementor elementor-7\" data-elementor-post-type=\"page\">\n\t\t\t\t\t\t<section class=\"elementor-section elementor-top-section elementor-element elementor-element-eb069c9 elementor-section-boxed elementor-section-height-default elementor-section-height-default\" data-id=\"eb069c9\" data-element_type=\"section\" data-e-type=\"section\">\n\t\t\t\t\t\t<div class=\"elementor-container elementor-column-gap-default\">\n\t\t\t\t\t<div class=\"elementor-column elementor-col-100 elementor-top-column elementor-element elementor-element-addddfa\" data-id=\"addddfa\" data-element_type=\"column\" data-e-type=\"column\">\n\t\t\t<div class=\"elementor-widget-wrap elementor-element-populated\">\n\t\t\t\t\t\t<div class=\"elementor-element elementor-element-a8fdf82 elementor-widget elementor-widget-shortcode\" data-id=\"a8fdf82\" data-element_type=\"widget\" data-e-type=\"widget\" data-widget_type=\"shortcode.default\">\n\t\t\t\t<div class=\"elementor-widget-container\">\n\t\t\t\t\t\t\t<div class=\"elementor-shortcode\">\t\t<div data-elementor-type=\"popup\" data-elementor-id=\"1652\" class=\"elementor elementor-1652\" data-elementor-settings=\"{&quot;entrance_animation&quot;:&quot;fadeIn&quot;,&quot;exit_animation&quot;:&quot;fadeIn&quot;,&quot;entrance_animation_duration&quot;:{&quot;unit&quot;:&quot;px&quot;,&quot;size&quot;:&quot;0.8&quot;,&quot;sizes&quot;:[]},&quot;a11y_navigation&quot;:&quot;yes&quot;,&quot;timing&quot;:{&quot;logged_in_users&quot;:&quot;custom&quot;,&quot;logged_in_roles&quot;:[&quot;um_custom_role_1&quot;],&quot;logged_in&quot;:&quot;yes&quot;,&quot;browsers&quot;:&quot;yes&quot;,&quot;browsers_browsers&quot;:&quot;all&quot;}}\" data-elementor-post-type=\"elementor_library\">\n\t\t\t\t\t<section class=\"elementor-section elementor-top-section elementor-element elementor-element-274c106e elementor-section-boxed elementor-section-height-default elementor-section-height-default\" data-id=\"274c106e\" data-element_type=\"section\" data-e-type=\"section\" data-settings=\"{&quot;background_background&quot;:&quot;classic&quot;}\">\n\t\t\t\t\t\t<div class=\"elementor-container elementor-column-gap-no\">\n\t\t\t\t\t<div class=\"elementor-column elementor-col-100 elementor-top-column elementor-element elementor-element-33ef8268\" data-id=\"33ef8268\" data-element_type=\"column\" data-e-type=\"column\" data-settings=\"{&quot;background_background&quot;:&quot;classic&quot;}\">\n\t\t\t<div class=\"elementor-widget-wrap elementor-element-populated\">\n\t\t\t\t\t\t<div class=\"elementor-element elementor-element-1870c660 elementor-view-stacked elementor-shape-square elementor-widget elementor-widget-icon\" data-id=\"1870c660\" data-element_type=\"widget\" data-e-type=\"widget\" data-widget_type=\"icon.default\">\n\t\t\t\t<div class=\"elementor-widget-container\">\n\t\t\t\t\t\t\t<div class=\"elementor-icon-wrapper\">\n\t\t\t<a class=\"elementor-icon\" href=\"#elementor-action%3Aaction%3Dpopup%3Aclose%26settings%3DeyJkb19ub3Rfc2hvd19hZ2FpbiI6IiJ9\">\n\t\t\t<svg xmlns=\"http:\/\/www.w3.org\/2000\/svg\" id=\"f8275609-a649-4fe2-9904-03eb7f876bd5\" data-name=\"Layer 1\" viewbox=\"0 0 14.3535 14.3535\"><polygon points=\"14.354 0.354 14 0 7.177 6.823 0.354 0 0 0.354 6.823 7.177 0 14 0.354 14.354 7.177 7.53 14 14.354 14.354 14 7.53 7.177 14.354 0.354\"><\/polygon><\/svg>\t\t\t<\/a>\n\t\t<\/div>\n\t\t\t\t\t\t<\/div>\n\t\t\t\t<\/div>\n\t\t\t\t<div class=\"elementor-element elementor-element-7b88d21d elementor-widget elementor-widget-heading\" data-id=\"7b88d21d\" data-element_type=\"widget\" data-e-type=\"widget\" data-settings=\"{&quot;_animation_mobile&quot;:&quot;none&quot;}\" data-widget_type=\"heading.default\">\n\t\t\t\t<div class=\"elementor-widget-container\">\n\t\t\t\t\t<h2 class=\"elementor-heading-title elementor-size-default\">Sehr geehrter Kunde!\n<\/h2>\t\t\t\t<\/div>\n\t\t\t\t<\/div>\n\t\t\t\t<div class=\"elementor-element elementor-element-1cbe72a2 elementor-invisible elementor-widget elementor-widget-text-editor\" data-id=\"1cbe72a2\" data-element_type=\"widget\" data-e-type=\"widget\" data-settings=\"{&quot;_animation&quot;:&quot;fadeIn&quot;}\" data-widget_type=\"text-editor.default\">\n\t\t\t\t<div class=\"elementor-widget-container\">\n\t\t\t\t\t\t\t\t\t<p>Wenn Sie kein professioneller Anwender sind und keine professionellen Produkte erwerben k\u00f6nnen, kehren Sie bitte zu unseren Produkten f\u00fcr Privatkunden zur\u00fcck.<\/p><p>Wenn Sie zum Kauf unserer professionellen Produkte berechtigt sind, klicken Sie bitte auf die Schaltfl\u00e4che Registrieren und f\u00fcllen Sie unser Registrierungsformular aus.<\/p>\t\t\t\t\t\t\t\t<\/div>\n\t\t\t\t<\/div>\n\t\t\t\t<section class=\"elementor-section elementor-inner-section elementor-element elementor-element-41c827ab elementor-section-content-middle elementor-section-boxed elementor-section-height-default elementor-section-height-default\" data-id=\"41c827ab\" data-element_type=\"section\" data-e-type=\"section\" data-settings=\"{&quot;background_background&quot;:&quot;classic&quot;}\">\n\t\t\t\t\t\t<div class=\"elementor-container elementor-column-gap-no\">\n\t\t\t\t\t<div class=\"elementor-column elementor-col-50 elementor-inner-column elementor-element elementor-element-8e94fb9\" data-id=\"8e94fb9\" data-element_type=\"column\" data-e-type=\"column\">\n\t\t\t<div class=\"elementor-widget-wrap elementor-element-populated\">\n\t\t\t\t\t\t<div class=\"elementor-element elementor-element-3a61547c elementor-align-center elementor-invisible elementor-widget elementor-widget-button\" data-id=\"3a61547c\" data-element_type=\"widget\" data-e-type=\"widget\" data-settings=\"{&quot;_animation&quot;:&quot;fadeIn&quot;,&quot;_animation_delay&quot;:&quot;200&quot;}\" data-widget_type=\"button.default\">\n\t\t\t\t<div class=\"elementor-widget-container\">\n\t\t\t\t\t\t\t\t\t<div class=\"elementor-button-wrapper\">\n\t\t\t\t\t<a class=\"elementor-button elementor-button-link elementor-size-sm\" href=\"https:\/\/metatox.com\/de\/produkt-kategorie\/lakossagi-termekek\/\">\n\t\t\t\t\t\t<span class=\"elementor-button-content-wrapper\">\n\t\t\t\t\t\t\t\t\t<span class=\"elementor-button-text\">Zur\u00fcck zu Einzelhandelsprodukten<\/span>\n\t\t\t\t\t<\/span>\n\t\t\t\t\t<\/a>\n\t\t\t\t<\/div>\n\t\t\t\t\t\t\t\t<\/div>\n\t\t\t\t<\/div>\n\t\t\t\t\t<\/div>\n\t\t<\/div>\n\t\t\t\t<div class=\"elementor-column elementor-col-50 elementor-inner-column elementor-element elementor-element-38a0e88\" data-id=\"38a0e88\" data-element_type=\"column\" data-e-type=\"column\">\n\t\t\t<div class=\"elementor-widget-wrap elementor-element-populated\">\n\t\t\t\t\t\t<div class=\"elementor-element elementor-element-7f68420 elementor-align-center elementor-invisible elementor-widget elementor-widget-button\" data-id=\"7f68420\" data-element_type=\"widget\" data-e-type=\"widget\" data-settings=\"{&quot;_animation&quot;:&quot;fadeIn&quot;,&quot;_animation_delay&quot;:&quot;200&quot;}\" data-widget_type=\"button.default\">\n\t\t\t\t<div class=\"elementor-widget-container\">\n\t\t\t\t\t\t\t\t\t<div class=\"elementor-button-wrapper\">\n\t\t\t\t\t<a class=\"elementor-button elementor-button-link elementor-size-sm\" href=\"https:\/\/metatox.com\/de\/regisztracio\/\">\n\t\t\t\t\t\t<span class=\"elementor-button-content-wrapper\">\n\t\t\t\t\t\t\t\t\t<span class=\"elementor-button-text\">Weiter zur Registrierung<\/span>\n\t\t\t\t\t<\/span>\n\t\t\t\t\t<\/a>\n\t\t\t\t<\/div>\n\t\t\t\t\t\t\t\t<\/div>\n\t\t\t\t<\/div>\n\t\t\t\t\t<\/div>\n\t\t<\/div>\n\t\t\t\t\t<\/div>\n\t\t<\/section>\n\t\t\t\t\t<\/div>\n\t\t<\/div>\n\t\t\t\t\t<\/div>\n\t\t<\/section>\n\t\t\t\t<\/div>\n\t\t<\/div>\n\t\t\t\t\t\t<\/div>\n\t\t\t\t<\/div>\n\t\t\t\t<section class=\"elementor-section elementor-inner-section elementor-element elementor-element-e0b53e9 elementor-section-boxed elementor-section-height-default elementor-section-height-default\" data-id=\"e0b53e9\" data-element_type=\"section\" data-e-type=\"section\">\n\t\t\t\t\t\t<div class=\"elementor-container elementor-column-gap-default\">\n\t\t\t\t\t<div class=\"elementor-column elementor-col-33 elementor-inner-column elementor-element elementor-element-e5118a8\" data-id=\"e5118a8\" data-element_type=\"column\" data-e-type=\"column\">\n\t\t\t<div class=\"elementor-widget-wrap elementor-element-populated\">\n\t\t\t\t\t\t<div class=\"elementor-element elementor-element-29251a1 elementor-widget elementor-widget-shortcode\" data-id=\"29251a1\" data-element_type=\"widget\" data-e-type=\"widget\" data-widget_type=\"shortcode.default\">\n\t\t\t\t<div class=\"elementor-widget-container\">\n\t\t\t\t\t\t\t<div class=\"elementor-shortcode\"><div class=\"woocommerce columns-1\">\r\n<ul class=\"products oceanwp-row clr grid\">\r\n<li class=\"product-category product first col span_1_of_1\">\n\t<a aria-label=\"Produktkategorie Lakoss\u00e1gi term\u00e9kek besuchen\" href=\"https:\/\/metatox.com\/de\/produkt-kategorie\/lakossagi-termekek\/\" data-no-translation-aria-label=\"\"><div class=\"product-inner clr\"><div class=\"woo-entry-image clr\"><a href=\"https:\/\/metatox.com\/de\/produkt-kategorie\/lakossagi-termekek\/\"><img fetchpriority=\"high\" decoding=\"async\" src=\"https:\/\/metatox.com\/wp-content\/uploads\/2021\/10\/lakossagi-termekek-focsoport_honlapra-300x300.jpg\" alt=\"Lakoss\u00e1gi term\u00e9kek\" width=\"300\" height=\"300\" srcset=\"https:\/\/metatox.com\/wp-content\/uploads\/2021\/10\/lakossagi-termekek-focsoport_honlapra-300x300.jpg 300w, https:\/\/metatox.com\/wp-content\/uploads\/2021\/10\/lakossagi-termekek-focsoport_honlapra-150x150.jpg 150w, https:\/\/metatox.com\/wp-content\/uploads\/2021\/10\/lakossagi-termekek-focsoport_honlapra-100x100.jpg 100w\" sizes=\"(max-width: 300px) 100vw, 300px\" \/><\/a><\/div><div class=\"woo-entry-inner clr\"><a href=\"https:\/\/metatox.com\/de\/produkt-kategorie\/lakossagi-termekek\/\">\t\t<h2 class=\"woocommerce-loop-category__title\">\n\t\t\tHaushaltsprodukte <mark class=\"count\">(20)<\/mark>\t\t<\/h2>\n\t\t<\/a><\/div><\/div><\/a><\/li>\n<\/ul>\n<\/div><\/div>\n\t\t\t\t\t\t<\/div>\n\t\t\t\t<\/div>\n\t\t\t\t\t<\/div>\n\t\t<\/div>\n\t\t\t\t<div class=\"elementor-column elementor-col-33 elementor-inner-column elementor-element elementor-element-5dcf105\" data-id=\"5dcf105\" data-element_type=\"column\" data-e-type=\"column\">\n\t\t\t<div class=\"elementor-widget-wrap elementor-element-populated\">\n\t\t\t\t\t\t<div class=\"elementor-element elementor-element-0015d22 elementor-widget elementor-widget-shortcode\" data-id=\"0015d22\" data-element_type=\"widget\" data-e-type=\"widget\" data-widget_type=\"shortcode.default\">\n\t\t\t\t<div class=\"elementor-widget-container\">\n\t\t\t\t\t\t\t<div class=\"elementor-shortcode\"><div class=\"woocommerce columns-1\">\r\n<ul class=\"products oceanwp-row clr grid\">\r\n<li class=\"product-category product first col span_1_of_1\">\n\t<a aria-label=\"Produktkategorie Professzion\u00e1lis term\u00e9kek besuchen\" href=\"https:\/\/metatox.com\/de\/produkt-kategorie\/professzionalis-termekek\/\" data-no-translation-aria-label=\"\"><div class=\"product-inner clr\"><div class=\"woo-entry-image clr\"><a href=\"https:\/\/metatox.com\/de\/produkt-kategorie\/professzionalis-termekek\/\"><img decoding=\"async\" src=\"https:\/\/metatox.com\/wp-content\/uploads\/2021\/10\/professzionalis-termekek-focsoport_honlapra-300x300.jpg\" alt=\"Professzion\u00e1lis term\u00e9kek\" width=\"300\" height=\"300\" srcset=\"https:\/\/metatox.com\/wp-content\/uploads\/2021\/10\/professzionalis-termekek-focsoport_honlapra-300x300.jpg 300w, https:\/\/metatox.com\/wp-content\/uploads\/2021\/10\/professzionalis-termekek-focsoport_honlapra-150x150.jpg 150w, https:\/\/metatox.com\/wp-content\/uploads\/2021\/10\/professzionalis-termekek-focsoport_honlapra-100x100.jpg 100w\" sizes=\"(max-width: 300px) 100vw, 300px\" \/><\/a><\/div><div class=\"woo-entry-inner clr\"><a href=\"https:\/\/metatox.com\/de\/produkt-kategorie\/professzionalis-termekek\/\">\t\t<h2 class=\"woocommerce-loop-category__title\">\n\t\t\tProfessionelle Produkte <mark class=\"count\">(23)<\/mark>\t\t<\/h2>\n\t\t<\/a><\/div><\/div><\/a><\/li>\n<\/ul>\n<\/div>\n<\/div>\n\t\t\t\t\t\t<\/div>\n\t\t\t\t<\/div>\n\t\t\t\t\t<\/div>\n\t\t<\/div>\n\t\t\t\t<div class=\"elementor-column elementor-col-33 elementor-inner-column elementor-element elementor-element-b3a5556\" data-id=\"b3a5556\" data-element_type=\"column\" data-e-type=\"column\">\n\t\t\t<div class=\"elementor-widget-wrap elementor-element-populated\">\n\t\t\t\t\t\t<div class=\"elementor-element elementor-element-e505a21 elementor-widget elementor-widget-shortcode\" data-id=\"e505a21\" data-element_type=\"widget\" data-e-type=\"widget\" data-widget_type=\"shortcode.default\">\n\t\t\t\t<div class=\"elementor-widget-container\">\n\t\t\t\t\t\t\t<div class=\"elementor-shortcode\"><div class=\"woocommerce columns-1\">\r\n<ul class=\"products oceanwp-row clr grid\">\r\n<li class=\"product-category product first col span_1_of_1\">\n\t<a aria-label=\"Produktkategorie Kieg\u00e9sz\u00edt\u0151 term\u00e9kek besuchen\" href=\"https:\/\/metatox.com\/de\/produkt-kategorie\/kiegeszito-termekek\/\" data-no-translation-aria-label=\"\"><div class=\"product-inner clr\"><div class=\"woo-entry-image clr\"><a href=\"https:\/\/metatox.com\/de\/produkt-kategorie\/kiegeszito-termekek\/\"><img decoding=\"async\" src=\"https:\/\/metatox.com\/wp-content\/uploads\/2022\/02\/Patkany-etetoallomas_EU-raklap-ala_zarhato_6-300x300.jpg\" alt=\"Kieg\u00e9sz\u00edt\u0151 term\u00e9kek\" width=\"300\" height=\"300\" srcset=\"https:\/\/metatox.com\/wp-content\/uploads\/2022\/02\/Patkany-etetoallomas_EU-raklap-ala_zarhato_6-300x300.jpg 300w, https:\/\/metatox.com\/wp-content\/uploads\/2022\/02\/Patkany-etetoallomas_EU-raklap-ala_zarhato_6-150x150.jpg 150w, https:\/\/metatox.com\/wp-content\/uploads\/2022\/02\/Patkany-etetoallomas_EU-raklap-ala_zarhato_6-768x768.jpg 768w, https:\/\/metatox.com\/wp-content\/uploads\/2022\/02\/Patkany-etetoallomas_EU-raklap-ala_zarhato_6-600x600.jpg 600w, https:\/\/metatox.com\/wp-content\/uploads\/2022\/02\/Patkany-etetoallomas_EU-raklap-ala_zarhato_6-100x100.jpg 100w, https:\/\/metatox.com\/wp-content\/uploads\/2022\/02\/Patkany-etetoallomas_EU-raklap-ala_zarhato_6.jpg 1000w\" sizes=\"(max-width: 300px) 100vw, 300px\" \/><\/a><\/div><div class=\"woo-entry-inner clr\"><a href=\"https:\/\/metatox.com\/de\/produkt-kategorie\/kiegeszito-termekek\/\">\t\t<h2 class=\"woocommerce-loop-category__title\">\n\t\t\tErg\u00e4nzende Produkte <mark class=\"count\">(3)<\/mark>\t\t<\/h2>\n\t\t<\/a><\/div><\/div><\/a><\/li>\n<\/ul>\n<\/div><\/div>\n\t\t\t\t\t\t<\/div>\n\t\t\t\t<\/div>\n\t\t\t\t\t<\/div>\n\t\t<\/div>\n\t\t\t\t\t<\/div>\n\t\t<\/section>\n\t\t\t\t\t<\/div>\n\t\t<\/div>\n\t\t\t\t\t<\/div>\n\t\t<\/section>\n\t\t\t\t<\/div>","protected":false},"excerpt":{"rendered":"","protected":false},"author":1,"featured_media":0,"parent":0,"menu_order":0,"comment_status":"closed","ping_status":"closed","template":"","meta":{"ocean_post_layout":"","ocean_both_sidebars_style":"","ocean_both_sidebars_content_width":0,"ocean_both_sidebars_sidebars_width":0,"ocean_sidebar":"0","ocean_second_sidebar":"0","ocean_disable_margins":"enable","ocean_add_body_class":"","ocean_shortcode_before_top_bar":"","ocean_shortcode_after_top_bar":"","ocean_shortcode_before_header":"","ocean_shortcode_after_header":"","ocean_has_shortcode":"","ocean_shortcode_after_title":"","ocean_shortcode_before_footer_widgets":"","ocean_shortcode_after_footer_widgets":"","ocean_shortcode_before_footer_bottom":"","ocean_shortcode_after_footer_bottom":"","ocean_display_top_bar":"default","ocean_display_header":"default","ocean_header_style":"","ocean_center_header_left_menu":"0","ocean_custom_header_template":"0","ocean_custom_logo":0,"ocean_custom_retina_logo":0,"ocean_custom_logo_max_width":0,"ocean_custom_logo_tablet_max_width":0,"ocean_custom_logo_mobile_max_width":0,"ocean_custom_logo_max_height":0,"ocean_custom_logo_tablet_max_height":0,"ocean_custom_logo_mobile_max_height":0,"ocean_header_custom_menu":"0","ocean_menu_typo_font_family":"0","ocean_menu_typo_font_subset":"","ocean_menu_typo_font_size":0,"ocean_menu_typo_font_size_tablet":0,"ocean_menu_typo_font_size_mobile":0,"ocean_menu_typo_font_size_unit":"px","ocean_menu_typo_font_weight":"","ocean_menu_typo_font_weight_tablet":"","ocean_menu_typo_font_weight_mobile":"","ocean_menu_typo_transform":"","ocean_menu_typo_transform_tablet":"","ocean_menu_typo_transform_mobile":"","ocean_menu_typo_line_height":0,"ocean_menu_typo_line_height_tablet":0,"ocean_menu_typo_line_height_mobile":0,"ocean_menu_typo_line_height_unit":"","ocean_menu_typo_spacing":0,"ocean_menu_typo_spacing_tablet":0,"ocean_menu_typo_spacing_mobile":0,"ocean_menu_typo_spacing_unit":"","ocean_menu_link_color":"","ocean_menu_link_color_hover":"","ocean_menu_link_color_active":"","ocean_menu_link_background":"","ocean_menu_link_hover_background":"","ocean_menu_link_active_background":"","ocean_menu_social_links_bg":"","ocean_menu_social_hover_links_bg":"","ocean_menu_social_links_color":"","ocean_menu_social_hover_links_color":"","ocean_disable_title":"default","ocean_disable_heading":"default","ocean_post_title":"","ocean_post_subheading":"","ocean_post_title_style":"","ocean_post_title_background_color":"","ocean_post_title_background":0,"ocean_post_title_bg_image_position":"","ocean_post_title_bg_image_attachment":"","ocean_post_title_bg_image_repeat":"","ocean_post_title_bg_image_size":"","ocean_post_title_height":0,"ocean_post_title_bg_overlay":0.5,"ocean_post_title_bg_overlay_color":"","ocean_disable_breadcrumbs":"default","ocean_breadcrumbs_color":"","ocean_breadcrumbs_separator_color":"","ocean_breadcrumbs_links_color":"","ocean_breadcrumbs_links_hover_color":"","ocean_display_footer_widgets":"default","ocean_display_footer_bottom":"default","ocean_custom_footer_template":"0","footnotes":""},"class_list":["post-7","page","type-page","status-publish","hentry","entry","owp-thumbs-layout-horizontal","owp-btn-normal","owp-tabs-layout-vertical","has-no-thumbnails"],"jetpack_sharing_enabled":true,"_links":{"self":[{"href":"https:\/\/metatox.com\/de\/wp-json\/wp\/v2\/pages\/7","targetHints":{"allow":["GET"]}}],"collection":[{"href":"https:\/\/metatox.com\/de\/wp-json\/wp\/v2\/pages"}],"about":[{"href":"https:\/\/metatox.com\/de\/wp-json\/wp\/v2\/types\/page"}],"author":[{"embeddable":true,"href":"https:\/\/metatox.com\/de\/wp-json\/wp\/v2\/users\/1"}],"replies":[{"embeddable":true,"href":"https:\/\/metatox.com\/de\/wp-json\/wp\/v2\/comments?post=7"}],"version-history":[{"count":0,"href":"https:\/\/metatox.com\/de\/wp-json\/wp\/v2\/pages\/7\/revisions"}],"wp:attachment":[{"href":"https:\/\/metatox.com\/de\/wp-json\/wp\/v2\/media?parent=7"}],"curies":[{"name":"wp","href":"https:\/\/api.w.org\/{rel}","templated":true}]}}