{"id":229,"date":"2021-08-02T10:06:49","date_gmt":"2021-08-02T08:06:49","guid":{"rendered":"https:\/\/metatox.com\/?post_type=product&#038;p=229"},"modified":"2024-11-04T14:04:47","modified_gmt":"2024-11-04T12:04:47","slug":"ratex-ragcsaloirto-pep","status":"publish","type":"product","link":"https:\/\/metatox.com\/de\/uzlet\/lakossagi-termekek\/ragcsaloirto-szerek\/ratex-ragcsaloirto-pep\/","title":{"rendered":"RATEX (Paste)"},"content":{"rendered":"<p><strong>RATEX <\/strong><strong>Rodentizide<\/strong><strong> (Paste)\u2013 wenn Sie einen K\u00f6der mit einer von Nagetieren bevorzugten Textur ben\u00f6tigen<\/strong><br \/>\nWenn Sie einen K\u00f6der ben\u00f6tigen, der frei von Versch\u00fctten und Auslaufen ist, bietet die <strong>RATEX (Paste)<\/strong> eine perfekte Alternative.<br \/>\nUnsere Rodentizidpasten bestehen aus essbaren \u00d6len und hochwertigen lebensmitteltauglichen Getreideprodukten und bieten eine hochkalorische Nahrungsquelle. Dies kann besonders n\u00fctzlich sein, wenn Nagetiere Zugang zu mehreren anderen Nahrungsquellen haben und andere K\u00f6der nur ungern annehmen.<br \/>\nUm eine Ranzigkeit zu vermeiden, enthalten unsere Pasten keine tierischen Fette. Dank sorgf\u00e4ltig ausgew\u00e4hlter Inhaltsstoffe trocknen sie nach der Platzierung weniger aus als andere Pasten.<br \/>\nDurch den verz\u00f6gerten Wirkmechanismus des Wirkstoffs f\u00fchrt der zweite Generation Antikoagulantien-K\u00f6der 4\u201310 Tage nach einer einmaligen Aufnahme zum Tod der Nagetiere.<br \/>\nDas Produkt ist in einer 150-Gramm-Kartonverpackung erh\u00e4ltlich, die sich f\u00fcr den Einzelhandelsverkauf eignet und mit ansprechender Gestaltung, Etiketten sowie detaillierten Anwendungshinweisen versehen ist.<br \/>\nJeder Gro\u00dfkarton enth\u00e4lt 40 Einzelverpackungen.<br \/>\nF\u00fcr detailliertere Produktinformationen konsultieren Sie bitte die zus\u00e4tzlichen <strong>Men\u00fcoptionen<\/strong> <a href=\"https:\/\/metatox.com\/wp-content\/uploads\/2022\/12\/MSDS-RATEX-ragcsaloirto-pep-25-ppm_2022-tol.pdf\">und die herunterladbaren<\/a> Dokumente.<\/p>","protected":false},"excerpt":{"rendered":"<p>Wenn Sie schlepp- und auslaufsichere K\u00f6der ben\u00f6tigen, ist RATEX Rodenticide Pulp die perfekte Alternative.<\/p>","protected":false},"featured_media":3456,"comment_status":"closed","ping_status":"closed","template":"","meta":{"ocean_post_layout":"","ocean_both_sidebars_style":"","ocean_both_sidebars_content_width":0,"ocean_both_sidebars_sidebars_width":0,"ocean_sidebar":"0","ocean_second_sidebar":"0","ocean_disable_margins":"enable","ocean_add_body_class":"","ocean_shortcode_before_top_bar":"","ocean_shortcode_after_top_bar":"","ocean_shortcode_before_header":"","ocean_shortcode_after_header":"","ocean_has_shortcode":"","ocean_shortcode_after_title":"","ocean_shortcode_before_footer_widgets":"","ocean_shortcode_after_footer_widgets":"","ocean_shortcode_before_footer_bottom":"","ocean_shortcode_after_footer_bottom":"","ocean_display_top_bar":"default","ocean_display_header":"default","ocean_header_style":"","ocean_center_header_left_menu":"0","ocean_custom_header_template":"0","ocean_custom_logo":0,"ocean_custom_retina_logo":0,"ocean_custom_logo_max_width":0,"ocean_custom_logo_tablet_max_width":0,"ocean_custom_logo_mobile_max_width":0,"ocean_custom_logo_max_height":0,"ocean_custom_logo_tablet_max_height":0,"ocean_custom_logo_mobile_max_height":0,"ocean_header_custom_menu":"0","ocean_menu_typo_font_family":"0","ocean_menu_typo_font_subset":"","ocean_menu_typo_font_size":0,"ocean_menu_typo_font_size_tablet":0,"ocean_menu_typo_font_size_mobile":0,"ocean_menu_typo_font_size_unit":"px","ocean_menu_typo_font_weight":"","ocean_menu_typo_font_weight_tablet":"","ocean_menu_typo_font_weight_mobile":"","ocean_menu_typo_transform":"","ocean_menu_typo_transform_tablet":"","ocean_menu_typo_transform_mobile":"","ocean_menu_typo_line_height":0,"ocean_menu_typo_line_height_tablet":0,"ocean_menu_typo_line_height_mobile":0,"ocean_menu_typo_line_height_unit":"","ocean_menu_typo_spacing":0,"ocean_menu_typo_spacing_tablet":0,"ocean_menu_typo_spacing_mobile":0,"ocean_menu_typo_spacing_unit":"","ocean_menu_link_color":"","ocean_menu_link_color_hover":"","ocean_menu_link_color_active":"","ocean_menu_link_background":"","ocean_menu_link_hover_background":"","ocean_menu_link_active_background":"","ocean_menu_social_links_bg":"","ocean_menu_social_hover_links_bg":"","ocean_menu_social_links_color":"","ocean_menu_social_hover_links_color":"","ocean_disable_title":"default","ocean_disable_heading":"default","ocean_post_title":"","ocean_post_subheading":"","ocean_post_title_style":"","ocean_post_title_background_color":"","ocean_post_title_background":0,"ocean_post_title_bg_image_position":"","ocean_post_title_bg_image_attachment":"","ocean_post_title_bg_image_repeat":"","ocean_post_title_bg_image_size":"","ocean_post_title_height":0,"ocean_post_title_bg_overlay":0.5,"ocean_post_title_bg_overlay_color":"","ocean_disable_breadcrumbs":"default","ocean_breadcrumbs_color":"","ocean_breadcrumbs_separator_color":"","ocean_breadcrumbs_links_color":"","ocean_breadcrumbs_links_hover_color":"","ocean_display_footer_widgets":"default","ocean_display_footer_bottom":"default","ocean_custom_footer_template":"0"},"product_brand":[],"product_cat":[41,20],"product_tag":[],"class_list":{"0":"post-229","1":"product","2":"type-product","3":"status-publish","4":"has-post-thumbnail","6":"product_cat-lakossagi-termekek","7":"product_cat-ragcsaloirto-szerek","9":"entry","10":"has-media","12":"first","13":"instock","14":"taxable","15":"shipping-taxable","16":"product-type-variable","17":"col","18":"span_1_of_3","19":"owp-content-center","20":"owp-thumbs-layout-horizontal","21":"owp-btn-normal","22":"owp-tabs-layout-vertical"},"jetpack_sharing_enabled":true,"_links":{"self":[{"href":"https:\/\/metatox.com\/de\/wp-json\/wp\/v2\/product\/229","targetHints":{"allow":["GET"]}}],"collection":[{"href":"https:\/\/metatox.com\/de\/wp-json\/wp\/v2\/product"}],"about":[{"href":"https:\/\/metatox.com\/de\/wp-json\/wp\/v2\/types\/product"}],"replies":[{"embeddable":true,"href":"https:\/\/metatox.com\/de\/wp-json\/wp\/v2\/comments?post=229"}],"wp:featuredmedia":[{"embeddable":true,"href":"https:\/\/metatox.com\/de\/wp-json\/wp\/v2\/media\/3456"}],"wp:attachment":[{"href":"https:\/\/metatox.com\/de\/wp-json\/wp\/v2\/media?parent=229"}],"wp:term":[{"taxonomy":"product_brand","embeddable":true,"href":"https:\/\/metatox.com\/de\/wp-json\/wp\/v2\/product_brand?post=229"},{"taxonomy":"product_cat","embeddable":true,"href":"https:\/\/metatox.com\/de\/wp-json\/wp\/v2\/product_cat?post=229"},{"taxonomy":"product_tag","embeddable":true,"href":"https:\/\/metatox.com\/de\/wp-json\/wp\/v2\/product_tag?post=229"}],"curies":[{"name":"wp","href":"https:\/\/api.w.org\/{rel}","templated":true}]}}