{"id":2474,"date":"2022-02-18T12:42:40","date_gmt":"2022-02-18T10:42:40","guid":{"rendered":"https:\/\/metatox.com\/?post_type=product&#038;p=2474"},"modified":"2026-03-17T08:56:37","modified_gmt":"2026-03-17T06:56:37","slug":"mini-egerdoboz-fekete","status":"publish","type":"product","link":"https:\/\/metatox.com\/de\/uzlet\/kiegeszito-termekek\/mini-egerdoboz-fekete\/","title":{"rendered":"Mini-K\u00f6derstation f\u00fcr M\u00e4use (Schwarz)"},"content":{"rendered":"<p>Eine M\u00e4usek\u00f6derstation mit Schl\u00fcsselschloss-Mechanismus, die den HACCP-Richtlinien entspricht. Falls die Station nicht in einem HACCP-Umfeld verwendet wird, kann sie zus\u00e4tzlich zu Paraffinbl\u00f6cken und Pastenk\u00f6dern auch mit anderen K\u00f6derarten genutzt werden.\nAbbildung dient nur zur Veranschaulichung.\nDas Produkt enth\u00e4lt keine toxischen Substanzen.\nDer Preis bezieht sich auf die K\u00f6derstation und den dazugeh\u00f6rigen Schl\u00fcssel.\nWiederverwendbares, unauff\u00e4lliges und wirtschaftliches Produkt.<\/p>","protected":false},"excerpt":{"rendered":"<p>Eine M\u00e4usek\u00f6derstation mit Schl\u00fcsselschloss-Mechanismus, die den HACCP-Richtlinien entspricht. Falls die Station nicht in einem HACCP-Umfeld verwendet wird, kann sie zus\u00e4tzlich zu Paraffinbl\u00f6cken und Pastenk\u00f6dern auch mit anderen K\u00f6derarten genutzt werden.\nAbbildung dient nur zur Veranschaulichung.\nDas Produkt enth\u00e4lt keine toxischen Substanzen.\nDer Preis bezieht sich auf die K\u00f6derstation und den dazugeh\u00f6rigen Schl\u00fcssel.\nWiederverwendbares, unauff\u00e4lliges und wirtschaftliches Produkt.<\/p>","protected":false},"featured_media":2489,"comment_status":"open","ping_status":"closed","template":"","meta":{"ocean_post_layout":"","ocean_both_sidebars_style":"","ocean_both_sidebars_content_width":0,"ocean_both_sidebars_sidebars_width":0,"ocean_sidebar":"0","ocean_second_sidebar":"0","ocean_disable_margins":"enable","ocean_add_body_class":"","ocean_shortcode_before_top_bar":"","ocean_shortcode_after_top_bar":"","ocean_shortcode_before_header":"","ocean_shortcode_after_header":"","ocean_has_shortcode":"","ocean_shortcode_after_title":"","ocean_shortcode_before_footer_widgets":"","ocean_shortcode_after_footer_widgets":"","ocean_shortcode_before_footer_bottom":"","ocean_shortcode_after_footer_bottom":"","ocean_display_top_bar":"default","ocean_display_header":"default","ocean_header_style":"","ocean_center_header_left_menu":"0","ocean_custom_header_template":"0","ocean_custom_logo":0,"ocean_custom_retina_logo":0,"ocean_custom_logo_max_width":0,"ocean_custom_logo_tablet_max_width":0,"ocean_custom_logo_mobile_max_width":0,"ocean_custom_logo_max_height":0,"ocean_custom_logo_tablet_max_height":0,"ocean_custom_logo_mobile_max_height":0,"ocean_header_custom_menu":"0","ocean_menu_typo_font_family":"0","ocean_menu_typo_font_subset":"","ocean_menu_typo_font_size":0,"ocean_menu_typo_font_size_tablet":0,"ocean_menu_typo_font_size_mobile":0,"ocean_menu_typo_font_size_unit":"px","ocean_menu_typo_font_weight":"","ocean_menu_typo_font_weight_tablet":"","ocean_menu_typo_font_weight_mobile":"","ocean_menu_typo_transform":"","ocean_menu_typo_transform_tablet":"","ocean_menu_typo_transform_mobile":"","ocean_menu_typo_line_height":0,"ocean_menu_typo_line_height_tablet":0,"ocean_menu_typo_line_height_mobile":0,"ocean_menu_typo_line_height_unit":"","ocean_menu_typo_spacing":0,"ocean_menu_typo_spacing_tablet":0,"ocean_menu_typo_spacing_mobile":0,"ocean_menu_typo_spacing_unit":"","ocean_menu_link_color":"","ocean_menu_link_color_hover":"","ocean_menu_link_color_active":"","ocean_menu_link_background":"","ocean_menu_link_hover_background":"","ocean_menu_link_active_background":"","ocean_menu_social_links_bg":"","ocean_menu_social_hover_links_bg":"","ocean_menu_social_links_color":"","ocean_menu_social_hover_links_color":"","ocean_disable_title":"default","ocean_disable_heading":"default","ocean_post_title":"","ocean_post_subheading":"","ocean_post_title_style":"","ocean_post_title_background_color":"","ocean_post_title_background":0,"ocean_post_title_bg_image_position":"","ocean_post_title_bg_image_attachment":"","ocean_post_title_bg_image_repeat":"","ocean_post_title_bg_image_size":"","ocean_post_title_height":0,"ocean_post_title_bg_overlay":0.5,"ocean_post_title_bg_overlay_color":"","ocean_disable_breadcrumbs":"default","ocean_breadcrumbs_color":"","ocean_breadcrumbs_separator_color":"","ocean_breadcrumbs_links_color":"","ocean_breadcrumbs_links_hover_color":"","ocean_display_footer_widgets":"default","ocean_display_footer_bottom":"default","ocean_custom_footer_template":"0"},"product_brand":[],"product_cat":[175],"product_tag":[],"class_list":{"0":"post-2474","1":"product","2":"type-product","3":"status-publish","4":"has-post-thumbnail","6":"product_cat-kiegeszito-termekek","8":"entry","9":"has-media","11":"first","12":"instock","13":"taxable","14":"shipping-taxable","15":"product-type-simple","16":"col","17":"span_1_of_3","18":"owp-content-center","19":"owp-thumbs-layout-horizontal","20":"owp-btn-normal","21":"owp-tabs-layout-vertical"},"jetpack_sharing_enabled":true,"_links":{"self":[{"href":"https:\/\/metatox.com\/de\/wp-json\/wp\/v2\/product\/2474","targetHints":{"allow":["GET"]}}],"collection":[{"href":"https:\/\/metatox.com\/de\/wp-json\/wp\/v2\/product"}],"about":[{"href":"https:\/\/metatox.com\/de\/wp-json\/wp\/v2\/types\/product"}],"replies":[{"embeddable":true,"href":"https:\/\/metatox.com\/de\/wp-json\/wp\/v2\/comments?post=2474"}],"wp:featuredmedia":[{"embeddable":true,"href":"https:\/\/metatox.com\/de\/wp-json\/wp\/v2\/media\/2489"}],"wp:attachment":[{"href":"https:\/\/metatox.com\/de\/wp-json\/wp\/v2\/media?parent=2474"}],"wp:term":[{"taxonomy":"product_brand","embeddable":true,"href":"https:\/\/metatox.com\/de\/wp-json\/wp\/v2\/product_brand?post=2474"},{"taxonomy":"product_cat","embeddable":true,"href":"https:\/\/metatox.com\/de\/wp-json\/wp\/v2\/product_cat?post=2474"},{"taxonomy":"product_tag","embeddable":true,"href":"https:\/\/metatox.com\/de\/wp-json\/wp\/v2\/product_tag?post=2474"}],"curies":[{"name":"wp","href":"https:\/\/api.w.org\/{rel}","templated":true}]}}