{"id":2475,"date":"2022-02-18T12:44:21","date_gmt":"2022-02-18T10:44:21","guid":{"rendered":"https:\/\/metatox.com\/?post_type=product&#038;p=2475"},"modified":"2026-03-17T08:56:10","modified_gmt":"2026-03-17T06:56:10","slug":"sarokba-helyezheto-egerdoboz-fekete","status":"publish","type":"product","link":"https:\/\/metatox.com\/de\/uzlet\/kiegeszito-termekek\/sarokba-helyezheto-egerdoboz-fekete\/","title":{"rendered":"Eck-K\u00f6derstation f\u00fcr M\u00e4use (Schwarz)"},"content":{"rendered":"<p>Eine eckmontierbare M\u00e4usek\u00f6derstation mit Schl\u00fcsselschloss-Mechanismus, die den HACCP-Richtlinien entspricht.\nDank ihres Designs beh\u00e4lt sie ihre zwei Eing\u00e4nge bei, selbst wenn sie in einer Ecke platziert wird.\nFalls die Station nicht in einem HACCP-Umfeld verwendet wird, kann sie zus\u00e4tzlich zu Paraffinbl\u00f6cken und Pastenk\u00f6dern auch mit anderen K\u00f6derarten genutzt werden.\nAbbildung dient nur zur Veranschaulichung.\nEnth\u00e4lt keine toxischen Substanzen.\nDer Preis beinhaltet die K\u00f6derstation und den dazugeh\u00f6rigen Schl\u00fcssel.\nWiederverwendbares, unauff\u00e4lliges und wirtschaftliches Produkt.<\/p>","protected":false},"excerpt":{"rendered":"<p>A HACCP ir\u00e1nyelveknek megfelel\u0151en kulcsos z\u00e1rszerkezettel ell\u00e1tott, sarokba helyezhet\u0151 eg\u00e9retet\u0151 doboz. El\u0151nye, hogy kialak\u00edt\u00e1s\u00e1nak k\u00f6sz\u00f6nhet\u0151en a sarokba helyezve is megtartja kett\u0151s bej\u00e1rat\u00e1t. Amennyiben nem HACCP k\u00f6rnyezetbe telep\u00edtj\u00fck, a paraffin blokk \u00e9s p\u00e9p r\u00e1gcs\u00e1l\u00f3irt\u00f3 formul\u00e1ci\u00f3j\u00fa irt\u00f3szereken k\u00edv\u00fcl m\u00e1s \u00e1llag\u00fa csal\u00e9tekkel is haszn\u00e1lhat\u00f3. A k\u00e9p illusztr\u00e1ci\u00f3. M\u00e9reganyagot nem tartalmaz! Az v\u00e9tel\u00e1r az etet\u0151\u00e1llom\u00e1sra \u00e9s hozz\u00e1 tartoz\u00f3 z\u00e1rkulcsra [&hellip;]<\/p>","protected":false},"featured_media":2483,"comment_status":"open","ping_status":"closed","template":"","meta":{"ocean_post_layout":"","ocean_both_sidebars_style":"","ocean_both_sidebars_content_width":0,"ocean_both_sidebars_sidebars_width":0,"ocean_sidebar":"0","ocean_second_sidebar":"0","ocean_disable_margins":"enable","ocean_add_body_class":"","ocean_shortcode_before_top_bar":"","ocean_shortcode_after_top_bar":"","ocean_shortcode_before_header":"","ocean_shortcode_after_header":"","ocean_has_shortcode":"","ocean_shortcode_after_title":"","ocean_shortcode_before_footer_widgets":"","ocean_shortcode_after_footer_widgets":"","ocean_shortcode_before_footer_bottom":"","ocean_shortcode_after_footer_bottom":"","ocean_display_top_bar":"default","ocean_display_header":"default","ocean_header_style":"","ocean_center_header_left_menu":"0","ocean_custom_header_template":"0","ocean_custom_logo":0,"ocean_custom_retina_logo":0,"ocean_custom_logo_max_width":0,"ocean_custom_logo_tablet_max_width":0,"ocean_custom_logo_mobile_max_width":0,"ocean_custom_logo_max_height":0,"ocean_custom_logo_tablet_max_height":0,"ocean_custom_logo_mobile_max_height":0,"ocean_header_custom_menu":"0","ocean_menu_typo_font_family":"0","ocean_menu_typo_font_subset":"","ocean_menu_typo_font_size":0,"ocean_menu_typo_font_size_tablet":0,"ocean_menu_typo_font_size_mobile":0,"ocean_menu_typo_font_size_unit":"px","ocean_menu_typo_font_weight":"","ocean_menu_typo_font_weight_tablet":"","ocean_menu_typo_font_weight_mobile":"","ocean_menu_typo_transform":"","ocean_menu_typo_transform_tablet":"","ocean_menu_typo_transform_mobile":"","ocean_menu_typo_line_height":0,"ocean_menu_typo_line_height_tablet":0,"ocean_menu_typo_line_height_mobile":0,"ocean_menu_typo_line_height_unit":"","ocean_menu_typo_spacing":0,"ocean_menu_typo_spacing_tablet":0,"ocean_menu_typo_spacing_mobile":0,"ocean_menu_typo_spacing_unit":"","ocean_menu_link_color":"","ocean_menu_link_color_hover":"","ocean_menu_link_color_active":"","ocean_menu_link_background":"","ocean_menu_link_hover_background":"","ocean_menu_link_active_background":"","ocean_menu_social_links_bg":"","ocean_menu_social_hover_links_bg":"","ocean_menu_social_links_color":"","ocean_menu_social_hover_links_color":"","ocean_disable_title":"default","ocean_disable_heading":"default","ocean_post_title":"","ocean_post_subheading":"","ocean_post_title_style":"","ocean_post_title_background_color":"","ocean_post_title_background":0,"ocean_post_title_bg_image_position":"","ocean_post_title_bg_image_attachment":"","ocean_post_title_bg_image_repeat":"","ocean_post_title_bg_image_size":"","ocean_post_title_height":0,"ocean_post_title_bg_overlay":0.5,"ocean_post_title_bg_overlay_color":"","ocean_disable_breadcrumbs":"default","ocean_breadcrumbs_color":"","ocean_breadcrumbs_separator_color":"","ocean_breadcrumbs_links_color":"","ocean_breadcrumbs_links_hover_color":"","ocean_display_footer_widgets":"default","ocean_display_footer_bottom":"default","ocean_custom_footer_template":"0"},"product_brand":[],"product_cat":[175],"product_tag":[],"class_list":{"0":"post-2475","1":"product","2":"type-product","3":"status-publish","4":"has-post-thumbnail","6":"product_cat-kiegeszito-termekek","8":"entry","9":"has-media","11":"first","12":"instock","13":"taxable","14":"shipping-taxable","15":"product-type-simple","16":"col","17":"span_1_of_3","18":"owp-content-center","19":"owp-thumbs-layout-horizontal","20":"owp-btn-normal","21":"owp-tabs-layout-vertical"},"jetpack_sharing_enabled":true,"_links":{"self":[{"href":"https:\/\/metatox.com\/de\/wp-json\/wp\/v2\/product\/2475","targetHints":{"allow":["GET"]}}],"collection":[{"href":"https:\/\/metatox.com\/de\/wp-json\/wp\/v2\/product"}],"about":[{"href":"https:\/\/metatox.com\/de\/wp-json\/wp\/v2\/types\/product"}],"replies":[{"embeddable":true,"href":"https:\/\/metatox.com\/de\/wp-json\/wp\/v2\/comments?post=2475"}],"wp:featuredmedia":[{"embeddable":true,"href":"https:\/\/metatox.com\/de\/wp-json\/wp\/v2\/media\/2483"}],"wp:attachment":[{"href":"https:\/\/metatox.com\/de\/wp-json\/wp\/v2\/media?parent=2475"}],"wp:term":[{"taxonomy":"product_brand","embeddable":true,"href":"https:\/\/metatox.com\/de\/wp-json\/wp\/v2\/product_brand?post=2475"},{"taxonomy":"product_cat","embeddable":true,"href":"https:\/\/metatox.com\/de\/wp-json\/wp\/v2\/product_cat?post=2475"},{"taxonomy":"product_tag","embeddable":true,"href":"https:\/\/metatox.com\/de\/wp-json\/wp\/v2\/product_tag?post=2475"}],"curies":[{"name":"wp","href":"https:\/\/api.w.org\/{rel}","templated":true}]}}