{"id":3089,"date":"2023-04-25T09:10:21","date_gmt":"2023-04-25T07:10:21","guid":{"rendered":"https:\/\/metatox.com\/?post_type=product&#038;p=3089"},"modified":"2025-04-11T16:24:11","modified_gmt":"2025-04-11T14:24:11","slug":"szuku-deet-free-szunyog-es-kullancsriaszto-krem","status":"publish","type":"product","link":"https:\/\/metatox.com\/de\/uzlet\/lakossagi-termekek\/szunyog-es-kullancsriaszto-szerek\/szuku-deet-free-szunyog-es-kullancsriaszto-krem\/","title":{"rendered":"SZUKU DEET-FREE\u00ae M\u00fccken- und Zeckenschutzlotion"},"content":{"rendered":"<p>Unsere SZUKU DEET-FREE\u00ae M\u00fccken- und Zeckenschutzlotion ist ein 100 % nat\u00fcrliches Produkt<\/p>\n<p>Unsere SZUKU DEET-FREE\u00ae M\u00fccken- und Zeckenschutzlotion ist ein 100 % nat\u00fcrliches Produkt, das aus ethisch produzierten, nachhaltigen, pflanzlichen Inhaltsstoffen hergestellt wird und den Wirkstoff Citriodiol\u00ae enth\u00e4lt.<br \/>\n<strong>Die SZUKU DEET-FREE\u00ae-Produktreihe ist eine perfekte, wenn nicht sogar \u00fcberlegene Alternative zu <\/strong><strong>synthetischen Insektenschutzmitteln.<\/strong><br \/>\nDie direkt auf die Haut aufgetragene SZUKU DEET-FREE\u00ae-Lotion bietet langanhaltenden Schutz, selbst in Hochrisikogebieten, gegen blutsaugende <strong>M\u00fccken, Zecken<\/strong> sowie andere fliegende und bei\u00dfende Insekten (z. B. Sandfliegen, Kriebelm\u00fccken, Wadenstecher, Landegel usw.), selbst in Hochrisikogebieten.<\/p>\n<p>Bei den Wirksamkeitstests der SZUKU DEET-FREE\u00ae M\u00fccken- und Zeckenschutzlotion wurde besonderes Augenmerk nicht nur auf die heimischen M\u00fcckenarten (Aedes, Culex) und Zeckenarten (Ixodes ricinus) in Ungarn gelegt, sondern auch auf invasive Arten, darunter: <strong>Aedes albopictus (Asiatische Tigerm\u00fccke)\nAnopheles aquasalis (Malariam\u00fccke)\nCulex quinquefasciatus\nCulicoides-Arten<\/strong><\/p>\n<p>Familienfreundlich und sicher:\nDank der 100 % nat\u00fcrlichen Inhaltsstoffe sind beide Produkte der<strong> SZUKU DEET-FREE\u00ae<\/strong> Familie<strong> (Spray und Lotion)<\/strong> <strong>familienfreundlich.<\/strong>Bei Anwendung gem\u00e4\u00df der Gebrauchsanweisung k\u00f6nnen sie sicher <strong>von schwangeren Frauen und kleinen Kindernverwendet werden.<\/strong><\/p>\n<p class=\"translation-block\">Bedeutung des individuellen Schutzes:\nIm Kampf gegen M\u00fccken und Zecken ist der individuelle Schutz von entscheidender Bedeutung!\nDer beste Schutz besteht darin, blutsaugenden Gliederf\u00fc\u00dfern das Auffinden geeigneter Lebensr\u00e4ume und Brutst\u00e4tten zu erschweren und beim Aufenthalt im Freien wirksame M\u00fccken- und Zeckenschutzmittel zu verwenden.<\/p>\n<p>Verpackung &amp; Verf\u00fcgbarkeit:\n40-Gramm-Verpackung mit Schraubverschluss und Deckel, in einer Kunststoffflasche mit mechanischem Spender.<\/p>\n<p>Jede Verpackungseinheit enth\u00e4lt 12 Produkte<\/p>\n<p>F\u00fcr weitere detaillierte Produktinformationen nutzen Sie bitte zus\u00e4tzliche Men\u00fcoptionen oder laden Sie<br \/>\nunsere Dokumente herunter.<\/p>","protected":false},"excerpt":{"rendered":"<p>Das spr\u00fchbare SZUKU DEET-FREE\u00ae M\u00fccken- und Zeckenschutzmittel bietet lang anhaltenden Schutz gegen blutsaugende <strong>M\u00fccken, Zecken<\/strong> sowie andere fliegende und bei\u00dfende Insekten (z. B. Sandfliegen, Kriebelm\u00fccken, Wadenstecher, Landegel usw.), selbst in Hochrisikogebieten.<\/p>","protected":false},"featured_media":3501,"comment_status":"closed","ping_status":"closed","template":"","meta":{"ocean_post_layout":"","ocean_both_sidebars_style":"","ocean_both_sidebars_content_width":0,"ocean_both_sidebars_sidebars_width":0,"ocean_sidebar":"0","ocean_second_sidebar":"0","ocean_disable_margins":"enable","ocean_add_body_class":"","ocean_shortcode_before_top_bar":"","ocean_shortcode_after_top_bar":"","ocean_shortcode_before_header":"","ocean_shortcode_after_header":"","ocean_has_shortcode":"","ocean_shortcode_after_title":"","ocean_shortcode_before_footer_widgets":"","ocean_shortcode_after_footer_widgets":"","ocean_shortcode_before_footer_bottom":"","ocean_shortcode_after_footer_bottom":"","ocean_display_top_bar":"default","ocean_display_header":"default","ocean_header_style":"","ocean_center_header_left_menu":"0","ocean_custom_header_template":"0","ocean_custom_logo":0,"ocean_custom_retina_logo":0,"ocean_custom_logo_max_width":0,"ocean_custom_logo_tablet_max_width":0,"ocean_custom_logo_mobile_max_width":0,"ocean_custom_logo_max_height":0,"ocean_custom_logo_tablet_max_height":0,"ocean_custom_logo_mobile_max_height":0,"ocean_header_custom_menu":"0","ocean_menu_typo_font_family":"0","ocean_menu_typo_font_subset":"","ocean_menu_typo_font_size":0,"ocean_menu_typo_font_size_tablet":0,"ocean_menu_typo_font_size_mobile":0,"ocean_menu_typo_font_size_unit":"px","ocean_menu_typo_font_weight":"","ocean_menu_typo_font_weight_tablet":"","ocean_menu_typo_font_weight_mobile":"","ocean_menu_typo_transform":"","ocean_menu_typo_transform_tablet":"","ocean_menu_typo_transform_mobile":"","ocean_menu_typo_line_height":0,"ocean_menu_typo_line_height_tablet":0,"ocean_menu_typo_line_height_mobile":0,"ocean_menu_typo_line_height_unit":"","ocean_menu_typo_spacing":0,"ocean_menu_typo_spacing_tablet":0,"ocean_menu_typo_spacing_mobile":0,"ocean_menu_typo_spacing_unit":"","ocean_menu_link_color":"","ocean_menu_link_color_hover":"","ocean_menu_link_color_active":"","ocean_menu_link_background":"","ocean_menu_link_hover_background":"","ocean_menu_link_active_background":"","ocean_menu_social_links_bg":"","ocean_menu_social_hover_links_bg":"","ocean_menu_social_links_color":"","ocean_menu_social_hover_links_color":"","ocean_disable_title":"default","ocean_disable_heading":"default","ocean_post_title":"","ocean_post_subheading":"","ocean_post_title_style":"","ocean_post_title_background_color":"","ocean_post_title_background":0,"ocean_post_title_bg_image_position":"","ocean_post_title_bg_image_attachment":"","ocean_post_title_bg_image_repeat":"","ocean_post_title_bg_image_size":"","ocean_post_title_height":0,"ocean_post_title_bg_overlay":0.5,"ocean_post_title_bg_overlay_color":"","ocean_disable_breadcrumbs":"default","ocean_breadcrumbs_color":"","ocean_breadcrumbs_separator_color":"","ocean_breadcrumbs_links_color":"","ocean_breadcrumbs_links_hover_color":"","ocean_display_footer_widgets":"default","ocean_display_footer_bottom":"default","ocean_custom_footer_template":"0"},"product_brand":[],"product_cat":[41,21],"product_tag":[],"class_list":{"0":"post-3089","1":"product","2":"type-product","3":"status-publish","4":"has-post-thumbnail","6":"product_cat-lakossagi-termekek","7":"product_cat-szunyog-es-kullancsriaszto-szerek","9":"entry","10":"has-media","12":"first","13":"instock","14":"taxable","15":"shipping-taxable","16":"product-type-variable","17":"col","18":"span_1_of_3","19":"owp-content-center","20":"owp-thumbs-layout-horizontal","21":"owp-btn-normal","22":"owp-tabs-layout-vertical","23":"has-no-thumbnails"},"jetpack_sharing_enabled":true,"_links":{"self":[{"href":"https:\/\/metatox.com\/de\/wp-json\/wp\/v2\/product\/3089","targetHints":{"allow":["GET"]}}],"collection":[{"href":"https:\/\/metatox.com\/de\/wp-json\/wp\/v2\/product"}],"about":[{"href":"https:\/\/metatox.com\/de\/wp-json\/wp\/v2\/types\/product"}],"replies":[{"embeddable":true,"href":"https:\/\/metatox.com\/de\/wp-json\/wp\/v2\/comments?post=3089"}],"wp:featuredmedia":[{"embeddable":true,"href":"https:\/\/metatox.com\/de\/wp-json\/wp\/v2\/media\/3501"}],"wp:attachment":[{"href":"https:\/\/metatox.com\/de\/wp-json\/wp\/v2\/media?parent=3089"}],"wp:term":[{"taxonomy":"product_brand","embeddable":true,"href":"https:\/\/metatox.com\/de\/wp-json\/wp\/v2\/product_brand?post=3089"},{"taxonomy":"product_cat","embeddable":true,"href":"https:\/\/metatox.com\/de\/wp-json\/wp\/v2\/product_cat?post=3089"},{"taxonomy":"product_tag","embeddable":true,"href":"https:\/\/metatox.com\/de\/wp-json\/wp\/v2\/product_tag?post=3089"}],"curies":[{"name":"wp","href":"https:\/\/api.w.org\/{rel}","templated":true}]}}