{"id":3473,"date":"2024-11-05T11:15:32","date_gmt":"2024-11-05T09:15:32","guid":{"rendered":"https:\/\/metatox.com\/?post_type=product&#038;p=3473"},"modified":"2026-04-16T12:49:45","modified_gmt":"2026-04-16T10:49:45","slug":"porotox-rovarirto-porozoszer","status":"publish","type":"product","link":"https:\/\/metatox.com\/de\/uzlet\/lakossagi-termekek\/rovarirto-szerek\/porotox-rovarirto-porozoszer\/","title":{"rendered":"POROTOX Insektizid-St\u00e4ubemittel"},"content":{"rendered":"<p><strong>POROTOX INSEKTENVERNICHTUNGSPULVER \u2013 wenn Sie ein wirtschaftliches und wirksames Insektenvernichtungsmittel ben\u00f6tigen<\/strong><\/p>\n<p>Die massenhafte Vermehrung versteckt lebender Insekten (Kakerlaken, Ameisen, Bettwanzen, Fl\u00f6he usw.) stellt erhebliche gesundheitliche, epidemiologische, lebensmittelindustrielle, landwirtschaftliche und wirtschaftliche Probleme dar. Zudem kann ihre Anwesenheit psychischen Stress verursachen.<br \/>\n<strong>POROTOX <\/strong>Insektizid-Pulver bietet eine wirtschaftliche Verpackungsgr\u00f6\u00dfe, eine hervorragende Wirkstoffkombination und einen erh\u00f6hten Wirkstoffgehalt, wodurch es Insektenbef\u00e4lle\u00a0<strong>schnell, effektiv und kosteng\u00fcnstig<\/strong>\u00a0bek\u00e4mpfen kann.<br \/>\nDas Insektizid POROTOX kann direkt von Hand ausgebracht oder mit einer Handstaubmaschine oder einer Staubpumpe angewendet werden.<br \/>\nDas Produkt ist in einer 150-Gramm-Kunststoffdose mit Streu\u00f6ffnungen oder als 1-kg-Gro\u00dfverpackung erh\u00e4ltlich.<\/p>\n<p>F\u00fcr detailliertere Produktinformationen konsultieren Sie bitte die zus\u00e4tzlichen Men\u00fcoptionen\u00a0<a href=\"https:\/\/metatox.com\/wp-content\/uploads\/2022\/12\/Biztonsagi-adatlap-POROTOX-EXTRA-rovarirto-porozoszer_2022.pdf\">und die herunterladbaren<\/a>\u00a0Dokumente.<\/p>","protected":false},"excerpt":{"rendered":"<p>Das Insektizid POROTOX vereint eine komplexe Wirkstoffkombination, eine hohe Wirkstoffkonzentration und ein g\u00fcnstiges Preis-Leistungs-Verh\u00e4ltnis.<\/p>","protected":false},"featured_media":3474,"comment_status":"closed","ping_status":"closed","template":"","meta":{"ocean_post_layout":"","ocean_both_sidebars_style":"","ocean_both_sidebars_content_width":0,"ocean_both_sidebars_sidebars_width":0,"ocean_sidebar":"0","ocean_second_sidebar":"0","ocean_disable_margins":"enable","ocean_add_body_class":"","ocean_shortcode_before_top_bar":"","ocean_shortcode_after_top_bar":"","ocean_shortcode_before_header":"","ocean_shortcode_after_header":"","ocean_has_shortcode":"","ocean_shortcode_after_title":"","ocean_shortcode_before_footer_widgets":"","ocean_shortcode_after_footer_widgets":"","ocean_shortcode_before_footer_bottom":"","ocean_shortcode_after_footer_bottom":"","ocean_display_top_bar":"default","ocean_display_header":"default","ocean_header_style":"","ocean_center_header_left_menu":"0","ocean_custom_header_template":"0","ocean_custom_logo":0,"ocean_custom_retina_logo":0,"ocean_custom_logo_max_width":0,"ocean_custom_logo_tablet_max_width":0,"ocean_custom_logo_mobile_max_width":0,"ocean_custom_logo_max_height":0,"ocean_custom_logo_tablet_max_height":0,"ocean_custom_logo_mobile_max_height":0,"ocean_header_custom_menu":"0","ocean_menu_typo_font_family":"0","ocean_menu_typo_font_subset":"","ocean_menu_typo_font_size":0,"ocean_menu_typo_font_size_tablet":0,"ocean_menu_typo_font_size_mobile":0,"ocean_menu_typo_font_size_unit":"px","ocean_menu_typo_font_weight":"","ocean_menu_typo_font_weight_tablet":"","ocean_menu_typo_font_weight_mobile":"","ocean_menu_typo_transform":"","ocean_menu_typo_transform_tablet":"","ocean_menu_typo_transform_mobile":"","ocean_menu_typo_line_height":0,"ocean_menu_typo_line_height_tablet":0,"ocean_menu_typo_line_height_mobile":0,"ocean_menu_typo_line_height_unit":"","ocean_menu_typo_spacing":0,"ocean_menu_typo_spacing_tablet":0,"ocean_menu_typo_spacing_mobile":0,"ocean_menu_typo_spacing_unit":"","ocean_menu_link_color":"","ocean_menu_link_color_hover":"","ocean_menu_link_color_active":"","ocean_menu_link_background":"","ocean_menu_link_hover_background":"","ocean_menu_link_active_background":"","ocean_menu_social_links_bg":"","ocean_menu_social_hover_links_bg":"","ocean_menu_social_links_color":"","ocean_menu_social_hover_links_color":"","ocean_disable_title":"default","ocean_disable_heading":"default","ocean_post_title":"","ocean_post_subheading":"","ocean_post_title_style":"","ocean_post_title_background_color":"","ocean_post_title_background":0,"ocean_post_title_bg_image_position":"","ocean_post_title_bg_image_attachment":"","ocean_post_title_bg_image_repeat":"","ocean_post_title_bg_image_size":"","ocean_post_title_height":0,"ocean_post_title_bg_overlay":0.5,"ocean_post_title_bg_overlay_color":"","ocean_disable_breadcrumbs":"default","ocean_breadcrumbs_color":"","ocean_breadcrumbs_separator_color":"","ocean_breadcrumbs_links_color":"","ocean_breadcrumbs_links_hover_color":"","ocean_display_footer_widgets":"default","ocean_display_footer_bottom":"default","ocean_custom_footer_template":"0"},"product_brand":[],"product_cat":[41,22],"product_tag":[],"class_list":{"0":"post-3473","1":"product","2":"type-product","3":"status-publish","4":"has-post-thumbnail","6":"product_cat-lakossagi-termekek","7":"product_cat-rovarirto-szerek","9":"entry","10":"has-media","12":"first","13":"instock","14":"taxable","15":"shipping-taxable","16":"product-type-variable","17":"col","18":"span_1_of_3","19":"owp-content-center","20":"owp-thumbs-layout-horizontal","21":"owp-btn-normal","22":"owp-tabs-layout-vertical","23":"has-no-thumbnails"},"jetpack_sharing_enabled":true,"_links":{"self":[{"href":"https:\/\/metatox.com\/de\/wp-json\/wp\/v2\/product\/3473","targetHints":{"allow":["GET"]}}],"collection":[{"href":"https:\/\/metatox.com\/de\/wp-json\/wp\/v2\/product"}],"about":[{"href":"https:\/\/metatox.com\/de\/wp-json\/wp\/v2\/types\/product"}],"replies":[{"embeddable":true,"href":"https:\/\/metatox.com\/de\/wp-json\/wp\/v2\/comments?post=3473"}],"wp:featuredmedia":[{"embeddable":true,"href":"https:\/\/metatox.com\/de\/wp-json\/wp\/v2\/media\/3474"}],"wp:attachment":[{"href":"https:\/\/metatox.com\/de\/wp-json\/wp\/v2\/media?parent=3473"}],"wp:term":[{"taxonomy":"product_brand","embeddable":true,"href":"https:\/\/metatox.com\/de\/wp-json\/wp\/v2\/product_brand?post=3473"},{"taxonomy":"product_cat","embeddable":true,"href":"https:\/\/metatox.com\/de\/wp-json\/wp\/v2\/product_cat?post=3473"},{"taxonomy":"product_tag","embeddable":true,"href":"https:\/\/metatox.com\/de\/wp-json\/wp\/v2\/product_tag?post=3473"}],"curies":[{"name":"wp","href":"https:\/\/api.w.org\/{rel}","templated":true}]}}