{"id":3480,"date":"2024-11-05T11:57:20","date_gmt":"2024-11-05T09:57:20","guid":{"rendered":"https:\/\/metatox.com\/?post_type=product&#038;p=3480"},"modified":"2025-08-22T10:04:24","modified_gmt":"2025-08-22T08:04:24","slug":"metatox-darazsirto-es-darazsfeszek-kezelo-hab","status":"publish","type":"product","link":"https:\/\/metatox.com\/de\/uzlet\/lakossagi-termekek\/rovarirto-szerek\/metatox-darazsirto-es-darazsfeszek-kezelo-hab\/","title":{"rendered":"METATOX Schaum zur Behandlung von Wespen- und Hornissennestern"},"content":{"rendered":"<p>MetaTOX Wespenvernichtungs- und Wespennestbehandlungsschaum \u2013 das hilft wirklich!<\/p>\n<p>In den letzten Jahren konnten wir beobachten, dass auch in Mitteleuropa die Zahl der Wespen je nach Wetterlage und Umwelteinfl\u00fcssen erheblich zugenommen hat, sodass sie fast unertr\u00e4glich geworden sind. Der Schutz vor ihnen stellt mit den derzeit auf dem Markt erh\u00e4ltlichen Mitteln eine gro\u00dfe Herausforderung im Alltag dar, sowohl f\u00fcr die Auftraggeber Kunden als auch f\u00fcr Fachleute bei ihrer Arbeit eine gro\u00dfe Herausforderung darstellt.<\/p>\n<p>Dies hat unser Unternehmen dazu veranlasst, ein Produkt zur Bek\u00e4mpfung von Wespen zu entwickeln, das leicht auszubringen ist, die die Wespennester vollst\u00e4ndig mit hartem Schaum ausf\u00fcllt, eine lange Wirkungsdauer gew\u00e4hrleistet und im Vergleich zu den derzeit erh\u00e4ltlichen Produkten eine noch komplexere Wirkstoffkombination aufweist. Damit k\u00f6nnen wir die St\u00f6rschwelle deutlich senken und auch Sie k\u00f6nnen die Anzahl der Wespen reduzieren.<\/p>\n<p>Unter Einhaltung der derzeit strengsten Zulassungsstandards und Vorschriften der ECHA, EPA und EPPO haben wir f\u00fcr Sie ein Produkt entwickelt, mit dem Sie je nach Gr\u00f6\u00dfe der Wespennester durch eine etwa 8- bis 12-sek\u00fcndige Anwendung (Spr\u00fchen) eine 100-prozentige Abt\u00f6tungsrate bei der Bek\u00e4mpfung von Wespennestern erzielen k\u00f6nnen.<\/p>\n<p>Bei diesem Produkt sind keine Nachbehandlungen erforderlich!<\/p>\n<p>Das Produkt bleibt bis zu 48 Stunden lang als harter Schaum auf der Oberfl\u00e4che der Wespennester haften, sodass es neben seiner extrem langen Wirkungsdauer auch gegen wiederkehrende Wespen wirksam ist und mit Hilfe der zugesetzten Oberfl\u00e4chenbehandlungsmittel die Wespennester in St\u00fccke zerlegt.<\/p>\n<p>Das Produkt ist \u00e4u\u00dferst ergiebig, 8-12 Sekunden Spr\u00fchen\/Nest, eine Flasche enth\u00e4lt Schaum f\u00fcr etwa 4-7 Behandlungen!<\/p>\n<p>Das Produkt ist in einer 600-ml-Spr\u00fchdose erh\u00e4ltlich.<\/p>\n<p>Jede Verpackungseinheit enth\u00e4lt 12 Produkte<\/p>\n<p>&nbsp;<\/p>\n<p>Weitere Produktinformationen finden Sie in den weiteren Men\u00fcpunkten sowie unter den herunterladbaren Dokumenten.<\/p>","protected":false},"excerpt":{"rendered":"<p>F\u00fcr Fachleute und Privatanwender<\/p>\n<p>MetaTOX ist ein innovatives Produkt zur Bek\u00e4mpfung von Wespen und Wespennestern.<\/p>\n<p>Dieses Produkt ist wirklich anders als alle anderen!<\/p>\n<p>Nach gr\u00fcndlichem Sch\u00fctteln kann es ohne Verl\u00e4ngerungsstangen bis zu einer Entfernung von 3-5 Metern leicht ausgebracht werden. Das Produkt f\u00fcllt das Wespennest vollst\u00e4ndig mit hartem Schaum aus, hat eine lange Wirkungsdauer und enth\u00e4lt im Vergleich zu anderen Produkten eine noch komplexere Wirkstoffkombination, die nicht nur eine 100%ige Abt\u00f6tungswirkung gew\u00e4hrleistet, sondern mit Hilfe der zugesetzten Oberfl\u00e4chenbehandlungsmittel auch das Wespennest in St\u00fccke zerlegt.<\/p>\n<p>Kann in geschlossenen R\u00e4umen und im Freien zur Bek\u00e4mpfung von Wespen (Vespula spp.) und Hornissen (Vespa carbo) sowie zur Behandlung von Wespennestern verwendet werden.<\/p>","protected":false},"featured_media":3481,"comment_status":"closed","ping_status":"closed","template":"","meta":{"ocean_post_layout":"","ocean_both_sidebars_style":"","ocean_both_sidebars_content_width":0,"ocean_both_sidebars_sidebars_width":0,"ocean_sidebar":"0","ocean_second_sidebar":"0","ocean_disable_margins":"enable","ocean_add_body_class":"","ocean_shortcode_before_top_bar":"","ocean_shortcode_after_top_bar":"","ocean_shortcode_before_header":"","ocean_shortcode_after_header":"","ocean_has_shortcode":"","ocean_shortcode_after_title":"","ocean_shortcode_before_footer_widgets":"","ocean_shortcode_after_footer_widgets":"","ocean_shortcode_before_footer_bottom":"","ocean_shortcode_after_footer_bottom":"","ocean_display_top_bar":"default","ocean_display_header":"default","ocean_header_style":"","ocean_center_header_left_menu":"0","ocean_custom_header_template":"0","ocean_custom_logo":0,"ocean_custom_retina_logo":0,"ocean_custom_logo_max_width":0,"ocean_custom_logo_tablet_max_width":0,"ocean_custom_logo_mobile_max_width":0,"ocean_custom_logo_max_height":0,"ocean_custom_logo_tablet_max_height":0,"ocean_custom_logo_mobile_max_height":0,"ocean_header_custom_menu":"0","ocean_menu_typo_font_family":"0","ocean_menu_typo_font_subset":"","ocean_menu_typo_font_size":0,"ocean_menu_typo_font_size_tablet":0,"ocean_menu_typo_font_size_mobile":0,"ocean_menu_typo_font_size_unit":"px","ocean_menu_typo_font_weight":"","ocean_menu_typo_font_weight_tablet":"","ocean_menu_typo_font_weight_mobile":"","ocean_menu_typo_transform":"","ocean_menu_typo_transform_tablet":"","ocean_menu_typo_transform_mobile":"","ocean_menu_typo_line_height":0,"ocean_menu_typo_line_height_tablet":0,"ocean_menu_typo_line_height_mobile":0,"ocean_menu_typo_line_height_unit":"","ocean_menu_typo_spacing":0,"ocean_menu_typo_spacing_tablet":0,"ocean_menu_typo_spacing_mobile":0,"ocean_menu_typo_spacing_unit":"","ocean_menu_link_color":"","ocean_menu_link_color_hover":"","ocean_menu_link_color_active":"","ocean_menu_link_background":"","ocean_menu_link_hover_background":"","ocean_menu_link_active_background":"","ocean_menu_social_links_bg":"","ocean_menu_social_hover_links_bg":"","ocean_menu_social_links_color":"","ocean_menu_social_hover_links_color":"","ocean_disable_title":"default","ocean_disable_heading":"default","ocean_post_title":"","ocean_post_subheading":"","ocean_post_title_style":"","ocean_post_title_background_color":"","ocean_post_title_background":0,"ocean_post_title_bg_image_position":"","ocean_post_title_bg_image_attachment":"","ocean_post_title_bg_image_repeat":"","ocean_post_title_bg_image_size":"","ocean_post_title_height":0,"ocean_post_title_bg_overlay":0.5,"ocean_post_title_bg_overlay_color":"","ocean_disable_breadcrumbs":"default","ocean_breadcrumbs_color":"","ocean_breadcrumbs_separator_color":"","ocean_breadcrumbs_links_color":"","ocean_breadcrumbs_links_hover_color":"","ocean_display_footer_widgets":"default","ocean_display_footer_bottom":"default","ocean_custom_footer_template":"0"},"product_brand":[],"product_cat":[41,22],"product_tag":[],"class_list":{"0":"post-3480","1":"product","2":"type-product","3":"status-publish","4":"has-post-thumbnail","6":"product_cat-lakossagi-termekek","7":"product_cat-rovarirto-szerek","9":"entry","10":"has-media","12":"first","13":"instock","14":"taxable","15":"shipping-taxable","16":"product-type-variable","17":"col","18":"span_1_of_3","19":"owp-content-center","20":"owp-thumbs-layout-horizontal","21":"owp-btn-normal","22":"owp-tabs-layout-vertical","23":"has-no-thumbnails"},"jetpack_sharing_enabled":true,"_links":{"self":[{"href":"https:\/\/metatox.com\/de\/wp-json\/wp\/v2\/product\/3480","targetHints":{"allow":["GET"]}}],"collection":[{"href":"https:\/\/metatox.com\/de\/wp-json\/wp\/v2\/product"}],"about":[{"href":"https:\/\/metatox.com\/de\/wp-json\/wp\/v2\/types\/product"}],"replies":[{"embeddable":true,"href":"https:\/\/metatox.com\/de\/wp-json\/wp\/v2\/comments?post=3480"}],"wp:featuredmedia":[{"embeddable":true,"href":"https:\/\/metatox.com\/de\/wp-json\/wp\/v2\/media\/3481"}],"wp:attachment":[{"href":"https:\/\/metatox.com\/de\/wp-json\/wp\/v2\/media?parent=3480"}],"wp:term":[{"taxonomy":"product_brand","embeddable":true,"href":"https:\/\/metatox.com\/de\/wp-json\/wp\/v2\/product_brand?post=3480"},{"taxonomy":"product_cat","embeddable":true,"href":"https:\/\/metatox.com\/de\/wp-json\/wp\/v2\/product_cat?post=3480"},{"taxonomy":"product_tag","embeddable":true,"href":"https:\/\/metatox.com\/de\/wp-json\/wp\/v2\/product_tag?post=3480"}],"curies":[{"name":"wp","href":"https:\/\/api.w.org\/{rel}","templated":true}]}}