{"id":384,"date":"2021-07-28T10:13:10","date_gmt":"2021-07-28T08:13:10","guid":{"rendered":"https:\/\/metatox.com\/?post_type=product&#038;p=384"},"modified":"2024-11-05T13:23:15","modified_gmt":"2024-11-05T11:23:15","slug":"szuku-szunyog-es-kullancsriaszto-spray","status":"publish","type":"product","link":"https:\/\/metatox.com\/de\/uzlet\/lakossagi-termekek\/szunyog-es-kullancsriaszto-szerek\/szuku-szunyog-es-kullancsriaszto-spray\/","title":{"rendered":"SZUKU M\u00fccken- und Zeckenschutz Fl\u00fcssigkeit"},"content":{"rendered":"<p><strong>SZUKU M\u00fccken- und Zeckenschutz Fl\u00fcssigkeit -  seit Jahrzehnten beliebt bei Anglern und Wanderern<\/strong><\/p>\n<p>Unsere SZUKU M\u00fccken- und Zeckenschutz Fl\u00fcssigkeit, ein Produkt, das sich allm\u00e4hlich zu einem Hungarikumentwickelt, wurde kontinuierlich verbessert und weiterentwickelt, um den modernen Anforderungen gerecht zu werden. Dank der \u00fcberdurchschnittlich hohen Wirkstoffkonzentration von 23 % DEET und einer hervorragenden Formulierung beginnt die Schutzwirkung sofort nach dem Auftragen auf die Haut und h\u00e4lt lang an.<\/p>\n<p><strong>Das SZUKU M\u00fccken- und Zeckenschutz Spray<\/strong> garantiert: <strong>Mindestens 6 Stunden Schutz vor M\u00fccken\nMindestens 3\u20135 Stunden Schutz vor Zecken<\/strong><\/p>\n<p>Das SZUKU M\u00fccken- und Zeckenschutz Spray <strong>23 %-os DEET<\/strong> Wirkstoffgehalts bietet das SZUKU M\u00fccken- und Zeckenschutz Spray zuverl\u00e4ssigen Schutz vor M\u00fccken, die Krankheiten wie Dengue-Fieber, Zika-Virus, West-Nil-Fieber, Malaria, Chikungunya und Gelbfieber \u00fcbertragen k\u00f6nnen.<\/p>\n<p>Verpackung &amp; Verf\u00fcgbarkeit:\n50 ml Verpackung mit umweltfreundlicher, mechanischer Spr\u00fchpumpe in einer Kunststoffflasche<\/p>\n<p>Jede Versandeinheit enth\u00e4lt 12 Produkte.<\/p>\n<p>F\u00fcr weitere detaillierte Produktinformationen nutzen Sie bitte zus\u00e4tzliche Men\u00fcoptionen oder laden Sie unsere Dokumente herunter.<\/p>","protected":false},"excerpt":{"rendered":"<p>SZUKU SZ\u00daNYOG- \u00c9S KULLANCSRIASZT\u00d3 FOLYAD\u00c9K \u2013 \u00e9vtizedek \u00f3ta a horg\u00e1szok \u00e9s t\u00far\u00e1z\u00f3k nagy kedvence A lassan m\u00e1r Hungarikumnak sz\u00e1m\u00edt\u00f3, de a kor k\u00f6vetelm\u00e9nyeinek megfelel\u0151en folyamatosan tov\u00e1bbfejlesztett, jobb\u00e1 tett SZUKU sz\u00fanyog- \u00e9s kullancsriaszt\u00f3 folyad\u00e9k term\u00e9k\u00fcnk \u00e1tlagon fel\u00fcli, magas, 23% hat\u00f3anyag koncentr\u00e1ci\u00f3j\u00e1nak \u00e9s kiv\u00e1l\u00f3 \u00f6sszet\u00e9tel\u00e9nek k\u00f6sz\u00f6nhet\u0151en, a term\u00e9k b\u0151rre t\u00f6rt\u00e9n\u0151 felvitel\u00e9t k\u00f6vet\u0151en azonnal \u00e9s tart\u00f3san megkezd\u0151dik a [&hellip;]<\/p>","protected":false},"featured_media":3502,"comment_status":"closed","ping_status":"closed","template":"","meta":{"ocean_post_layout":"","ocean_both_sidebars_style":"","ocean_both_sidebars_content_width":0,"ocean_both_sidebars_sidebars_width":0,"ocean_sidebar":"0","ocean_second_sidebar":"0","ocean_disable_margins":"enable","ocean_add_body_class":"","ocean_shortcode_before_top_bar":"","ocean_shortcode_after_top_bar":"","ocean_shortcode_before_header":"","ocean_shortcode_after_header":"","ocean_has_shortcode":"","ocean_shortcode_after_title":"","ocean_shortcode_before_footer_widgets":"","ocean_shortcode_after_footer_widgets":"","ocean_shortcode_before_footer_bottom":"","ocean_shortcode_after_footer_bottom":"","ocean_display_top_bar":"default","ocean_display_header":"default","ocean_header_style":"","ocean_center_header_left_menu":"0","ocean_custom_header_template":"0","ocean_custom_logo":0,"ocean_custom_retina_logo":0,"ocean_custom_logo_max_width":0,"ocean_custom_logo_tablet_max_width":0,"ocean_custom_logo_mobile_max_width":0,"ocean_custom_logo_max_height":0,"ocean_custom_logo_tablet_max_height":0,"ocean_custom_logo_mobile_max_height":0,"ocean_header_custom_menu":"0","ocean_menu_typo_font_family":"0","ocean_menu_typo_font_subset":"","ocean_menu_typo_font_size":0,"ocean_menu_typo_font_size_tablet":0,"ocean_menu_typo_font_size_mobile":0,"ocean_menu_typo_font_size_unit":"px","ocean_menu_typo_font_weight":"","ocean_menu_typo_font_weight_tablet":"","ocean_menu_typo_font_weight_mobile":"","ocean_menu_typo_transform":"","ocean_menu_typo_transform_tablet":"","ocean_menu_typo_transform_mobile":"","ocean_menu_typo_line_height":0,"ocean_menu_typo_line_height_tablet":0,"ocean_menu_typo_line_height_mobile":0,"ocean_menu_typo_line_height_unit":"","ocean_menu_typo_spacing":0,"ocean_menu_typo_spacing_tablet":0,"ocean_menu_typo_spacing_mobile":0,"ocean_menu_typo_spacing_unit":"","ocean_menu_link_color":"","ocean_menu_link_color_hover":"","ocean_menu_link_color_active":"","ocean_menu_link_background":"","ocean_menu_link_hover_background":"","ocean_menu_link_active_background":"","ocean_menu_social_links_bg":"","ocean_menu_social_hover_links_bg":"","ocean_menu_social_links_color":"","ocean_menu_social_hover_links_color":"","ocean_disable_title":"default","ocean_disable_heading":"default","ocean_post_title":"","ocean_post_subheading":"","ocean_post_title_style":"","ocean_post_title_background_color":"","ocean_post_title_background":0,"ocean_post_title_bg_image_position":"","ocean_post_title_bg_image_attachment":"","ocean_post_title_bg_image_repeat":"","ocean_post_title_bg_image_size":"","ocean_post_title_height":0,"ocean_post_title_bg_overlay":0.5,"ocean_post_title_bg_overlay_color":"","ocean_disable_breadcrumbs":"default","ocean_breadcrumbs_color":"","ocean_breadcrumbs_separator_color":"","ocean_breadcrumbs_links_color":"","ocean_breadcrumbs_links_hover_color":"","ocean_display_footer_widgets":"default","ocean_display_footer_bottom":"default","ocean_custom_footer_template":"0"},"product_brand":[],"product_cat":[41,21],"product_tag":[],"class_list":{"0":"post-384","1":"product","2":"type-product","3":"status-publish","4":"has-post-thumbnail","6":"product_cat-lakossagi-termekek","7":"product_cat-szunyog-es-kullancsriaszto-szerek","9":"entry","10":"has-media","12":"first","13":"instock","14":"taxable","15":"shipping-taxable","16":"product-type-variable","17":"col","18":"span_1_of_3","19":"owp-content-center","20":"owp-thumbs-layout-horizontal","21":"owp-btn-normal","22":"owp-tabs-layout-vertical","23":"has-no-thumbnails"},"jetpack_sharing_enabled":true,"_links":{"self":[{"href":"https:\/\/metatox.com\/de\/wp-json\/wp\/v2\/product\/384","targetHints":{"allow":["GET"]}}],"collection":[{"href":"https:\/\/metatox.com\/de\/wp-json\/wp\/v2\/product"}],"about":[{"href":"https:\/\/metatox.com\/de\/wp-json\/wp\/v2\/types\/product"}],"replies":[{"embeddable":true,"href":"https:\/\/metatox.com\/de\/wp-json\/wp\/v2\/comments?post=384"}],"wp:featuredmedia":[{"embeddable":true,"href":"https:\/\/metatox.com\/de\/wp-json\/wp\/v2\/media\/3502"}],"wp:attachment":[{"href":"https:\/\/metatox.com\/de\/wp-json\/wp\/v2\/media?parent=384"}],"wp:term":[{"taxonomy":"product_brand","embeddable":true,"href":"https:\/\/metatox.com\/de\/wp-json\/wp\/v2\/product_brand?post=384"},{"taxonomy":"product_cat","embeddable":true,"href":"https:\/\/metatox.com\/de\/wp-json\/wp\/v2\/product_cat?post=384"},{"taxonomy":"product_tag","embeddable":true,"href":"https:\/\/metatox.com\/de\/wp-json\/wp\/v2\/product_tag?post=384"}],"curies":[{"name":"wp","href":"https:\/\/api.w.org\/{rel}","templated":true}]}}