{"id":59,"date":"2021-07-28T08:27:58","date_gmt":"2021-07-28T08:27:58","guid":{"rendered":"https:\/\/metatox.com\/?page_id=59"},"modified":"2021-11-02T13:54:09","modified_gmt":"2021-11-02T11:54:09","slug":"rolunk","status":"publish","type":"page","link":"https:\/\/metatox.com\/en\/rolunk\/","title":{"rendered":"About us"},"content":{"rendered":"<div data-elementor-type=\"wp-page\" data-elementor-id=\"59\" class=\"elementor elementor-59\" data-elementor-post-type=\"page\">\n\t\t\t\t\t\t<section class=\"elementor-section elementor-top-section elementor-element elementor-element-86e6863 elementor-section-height-min-height elementor-section-boxed elementor-section-height-default elementor-section-items-middle\" data-id=\"86e6863\" data-element_type=\"section\" data-e-type=\"section\" data-settings=\"{&quot;background_background&quot;:&quot;classic&quot;}\">\n\t\t\t\t\t\t<div class=\"elementor-container elementor-column-gap-default\">\n\t\t\t\t\t<div class=\"elementor-column elementor-col-100 elementor-top-column elementor-element elementor-element-4a62240\" data-id=\"4a62240\" data-element_type=\"column\" data-e-type=\"column\">\n\t\t\t<div class=\"elementor-widget-wrap elementor-element-populated\">\n\t\t\t\t\t\t<div class=\"elementor-element elementor-element-07adef2 elementor-widget elementor-widget-image\" data-id=\"07adef2\" data-element_type=\"widget\" data-e-type=\"widget\" data-widget_type=\"image.default\">\n\t\t\t\t<div class=\"elementor-widget-container\">\n\t\t\t\t\t\t\t\t\t\t\t\t\t\t\t<img fetchpriority=\"high\" decoding=\"async\" data-attachment-id=\"412\" data-permalink=\"https:\/\/metatox.com\/en\/rolunk\/metatox-logo-nagy\/\" data-orig-file=\"https:\/\/metatox.com\/wp-content\/uploads\/2021\/07\/Metatox-Logo-nagy.png\" data-orig-size=\"675,245\" data-comments-opened=\"1\" data-image-meta=\"{&quot;aperture&quot;:&quot;0&quot;,&quot;credit&quot;:&quot;&quot;,&quot;camera&quot;:&quot;&quot;,&quot;caption&quot;:&quot;&quot;,&quot;created_timestamp&quot;:&quot;0&quot;,&quot;copyright&quot;:&quot;&quot;,&quot;focal_length&quot;:&quot;0&quot;,&quot;iso&quot;:&quot;0&quot;,&quot;shutter_speed&quot;:&quot;0&quot;,&quot;title&quot;:&quot;&quot;,&quot;orientation&quot;:&quot;0&quot;}\" data-image-title=\"Metatox-Logo-nagy\" data-image-description=\"\" data-image-caption=\"\" data-large-file=\"https:\/\/metatox.com\/wp-content\/uploads\/2021\/07\/Metatox-Logo-nagy.png\" width=\"675\" height=\"245\" src=\"https:\/\/metatox.com\/wp-content\/uploads\/2021\/07\/Metatox-Logo-nagy.png\" class=\"attachment-full size-full wp-image-412\" alt=\"\" srcset=\"https:\/\/metatox.com\/wp-content\/uploads\/2021\/07\/Metatox-Logo-nagy.png 675w, https:\/\/metatox.com\/wp-content\/uploads\/2021\/07\/Metatox-Logo-nagy-600x218.png 600w, https:\/\/metatox.com\/wp-content\/uploads\/2021\/07\/Metatox-Logo-nagy-300x109.png 300w\" sizes=\"(max-width: 675px) 100vw, 675px\" \/>\t\t\t\t\t\t\t\t\t\t\t\t\t\t\t<\/div>\n\t\t\t\t<\/div>\n\t\t\t\t\t<\/div>\n\t\t<\/div>\n\t\t\t\t\t<\/div>\n\t\t<\/section>\n\t\t\t\t<section class=\"elementor-section elementor-top-section elementor-element elementor-element-acf002c elementor-section-boxed elementor-section-height-default elementor-section-height-default\" data-id=\"acf002c\" data-element_type=\"section\" data-e-type=\"section\" data-settings=\"{&quot;background_background&quot;:&quot;classic&quot;}\">\n\t\t\t\t\t\t<div class=\"elementor-container elementor-column-gap-default\">\n\t\t\t\t\t<div class=\"elementor-column elementor-col-100 elementor-top-column elementor-element elementor-element-480417e\" data-id=\"480417e\" data-element_type=\"column\" data-e-type=\"column\">\n\t\t\t<div class=\"elementor-widget-wrap elementor-element-populated\">\n\t\t\t\t\t\t<div class=\"elementor-element elementor-element-891292d elementor-widget elementor-widget-heading\" data-id=\"891292d\" data-element_type=\"widget\" data-e-type=\"widget\" data-widget_type=\"heading.default\">\n\t\t\t\t<div class=\"elementor-widget-container\">\n\t\t\t\t\t<h2 class=\"elementor-heading-title elementor-size-default\">About us\n<\/h2>\t\t\t\t<\/div>\n\t\t\t\t<\/div>\n\t\t\t\t<div class=\"elementor-element elementor-element-b71cf6e elementor-widget elementor-widget-text-editor\" data-id=\"b71cf6e\" data-element_type=\"widget\" data-e-type=\"widget\" data-widget_type=\"text-editor.default\">\n\t\t\t\t<div class=\"elementor-widget-container\">\n\t\t\t\t\t\t\t\t\t<p>A Metatox Kft. 100%-ban magyar tulajdonban l\u00e9v\u0151 t\u00e1rsas\u00e1g, mely 1990-ben alakult.<\/p><p>F\u0151 profilunk a hum\u00e1n k\u00f6rnyezetben alkalmazhat\u00f3 irt\u00f3-, \u00e9s riaszt\u00f3szerek gy\u00e1rt\u00e1sa \u00e9s forgalmaz\u00e1sa.<\/p><p>Vel\u0151i megel\u00e9gedetts\u00e9g\u00fcnket \u00e9s piaci r\u00e9szesed\u00e9s\u00fcnket a folyamatos beruh\u00e1z\u00e1sainkkal, technol\u00f3giai fejleszt\u00e9seinkkel \u00e9s term\u00e9kkorszer\u0171s\u00edt\u00e9seinkkel biztos\u00edtjuk.<\/p><p>Term\u00e9keink kiv\u00e9tel n\u00e9lk\u00fcl rendelkeznek az \u00f6sszes Eur\u00f3pai Uni\u00f3s szakhat\u00f3s\u00e1gi enged\u00e9lyekkel \u00e9s maxim\u00e1lisan megfelelnek a WHO \u00e9s az EU el\u0151\u00edr\u00e1sainak.<\/p><p>Term\u00e9keinket nagykereskedelmi h\u00e1l\u00f3zatokon kereszt\u00fcl \u00e9rt\u00e9kes\u00edtj\u00fck Magyarorsz\u00e1gon, Szlov\u00e1ki\u00e1ban, Rom\u00e1ni\u00e1ban, Csehorsz\u00e1gban, Szerbi\u00e1ban, de r\u00f6vidt\u00e1v\u00fa terveink k\u00f6z\u00f6tt szerepelnek tov\u00e1bbi piacb\u0151v\u00edt\u00e9sek is.<\/p><p>\u00c9rdekeltek vagyunk a term\u00e9kv\u00e1laszt\u00e9kunk b\u0151v\u00edt\u00e9s\u00e9ben, kooper\u00e1ci\u00f3s term\u00e9kgy\u00e1rt\u00e1sban, b\u00e9rgy\u00e1rt\u00e1sban \u00e9s kereskedelmi r\u00e9szar\u00e1nyunk n\u00f6vel\u00e9s\u00e9ben.<\/p><p>Sikeres szakmai munk\u00e1nkat magas min\u0151s\u00e9g\u00fcnknek, megb\u00edzhat\u00f3s\u00e1gunknak \u00e9s pontoss\u00e1gunknak k\u00f6sz\u00f6nhetj\u00fck. Az ezekre val\u00f3 t\u00f6rekv\u00e9st tekintj\u00fck t\u00e1rsas\u00e1gunk f\u0151 mozgat\u00f3rug\u00f3j\u00e1nak.<\/p>\t\t\t\t\t\t\t\t<\/div>\n\t\t\t\t<\/div>\n\t\t\t\t\t<\/div>\n\t\t<\/div>\n\t\t\t\t\t<\/div>\n\t\t<\/section>\n\t\t\t\t<section class=\"elementor-section elementor-top-section elementor-element elementor-element-b7cefa0 elementor-section-boxed elementor-section-height-default elementor-section-height-default\" data-id=\"b7cefa0\" data-element_type=\"section\" data-e-type=\"section\">\n\t\t\t\t\t\t<div class=\"elementor-container elementor-column-gap-default\">\n\t\t\t\t\t<div class=\"elementor-column elementor-col-100 elementor-top-column elementor-element elementor-element-5a37a8a\" data-id=\"5a37a8a\" data-element_type=\"column\" data-e-type=\"column\">\n\t\t\t<div class=\"elementor-widget-wrap elementor-element-populated\">\n\t\t\t\t\t\t<div class=\"elementor-element elementor-element-1dc0f1e elementor-widget elementor-widget-heading\" data-id=\"1dc0f1e\" data-element_type=\"widget\" data-e-type=\"widget\" data-widget_type=\"heading.default\">\n\t\t\t\t<div class=\"elementor-widget-container\">\n\t\t\t\t\t<h2 class=\"elementor-heading-title elementor-size-default\">Min\u0151s\u00e9gpolitik\u00e1nk<\/h2>\t\t\t\t<\/div>\n\t\t\t\t<\/div>\n\t\t\t\t<div class=\"elementor-element elementor-element-8ee3399 elementor-widget elementor-widget-text-editor\" data-id=\"8ee3399\" data-element_type=\"widget\" data-e-type=\"widget\" data-widget_type=\"text-editor.default\">\n\t\t\t\t<div class=\"elementor-widget-container\">\n\t\t\t\t\t\t\t\t\t<p>C\u00e9lunk: Term\u00e9keink sz\u00e9les v\u00e1laszt\u00e9k\u00e1val, biztons\u00e1gos \u00e9s folyamatos j\u00f3 min\u0151s\u00e9g\u00e9vel elismer\u00e9st szerezn\u00fcnk a belf\u00f6ldi \u00e9s nemzetk\u00f6zi piacokon, azt folyamatosan megtartsuk \u00e9s n\u00f6velj\u00fck piaci r\u00e9szesed\u00e9s\u00fcnket a partnereink hossz\u00fa t\u00e1v\u00fa megel\u00e9gedetts\u00e9ge mellett.<\/p><p>Alapvet\u0151 c\u00e9lnak tekintj\u00fck, hogy term\u00e9keink megfeleljenek az Eur\u00f3pai Uni\u00f3s szakhat\u00f3s\u00e1gi el\u0151\u00edr\u00e1soknak \u00e9s a fogyaszt\u00f3i elv\u00e1r\u00e1soknak.<\/p><p>Term\u00e9keinket folyamatosan korszer\u0171s\u00edtj\u00fck, ez\u00e9rt azok biztons\u00e1ggal alkalmazhat\u00f3ak, hat\u00e1suk, hat\u00e1start\u00f3ss\u00e1guk kifog\u00e1stalan.<\/p><p>Term\u00e9keink el\u0151\u00e1ll\u00edt\u00e1s\u00e1hoz sz\u00fcks\u00e9ges anyagok beszerz\u00e9s\u00e9n\u00e9l nagy s\u00falyt fektet\u00fcnk a besz\u00e1ll\u00edt\u00f3k megb\u00edzhat\u00f3s\u00e1g\u00e1ra, az anyagok j\u00f3 \u00e9s egyenletes min\u0151s\u00e9g\u00e9re, \u00e9s azok min\u0151s\u00e9g\u00e9nek ellen\u0151rz\u00e9s\u00e9re.<\/p><p>Hazai gazdas\u00e1gunk n\u00f6veked\u00e9se \u00e9rdek\u00e9ben, ahol csak lehet\u0151s\u00e9g\u00fcnk van r\u00e1, el\u0151nyben r\u00e9szes\u00edtj\u00fck, \u00e9s magyar besz\u00e1ll\u00edt\u00f3kkal dolgozunk.<\/p><p>A vezet\u00e9s biztos\u00edtja, hogy dolgoz\u00f3ink minden szinten megismerkedjenek a t\u00e1rsas\u00e1g min\u0151s\u00e9gpolitik\u00e1j\u00e1val, a min\u0151s\u00e9gir\u00e1ny\u00edt\u00e1si rendszer c\u00e9ljaival \u00e9s megval\u00f3s\u00edt\u00e1s\u00e1nak m\u00f3dszereivel. Folyamatos k\u00e9pz\u00e9ssel biztos\u00edtjuk a min\u0151s\u00e9gi munkav\u00e9gz\u00e9shez sz\u00fcks\u00e9ges ismereteket, \u00e9s hogy annak fejleszt\u00e9se \u00e9rdek\u00e9ben mindent megtegyenek dolgoz\u00f3ink.<\/p><p>A biztons\u00e1g \u00e9s min\u0151s\u00e9g folyamatos jav\u00edt\u00e1sa \u00e9rdek\u00e9ben a min\u0151s\u00e9g\u00fcgyi szabv\u00e1nynak megfelel\u0151 bels\u0151 \u00e9s k\u00fcls\u0151 auditokat folytatunk, a kialak\u00edtott min\u0151s\u00e9gir\u00e1ny\u00edt\u00e1si rendszert folyamatosan fenntartjuk \u00e9s tov\u00e1bbfejlesztj\u00fck.<\/p><p>A termel\u00e9s\u00fcnk sor\u00e1n szem el\u0151tt tartjuk a szakhat\u00f3s\u00e1gi k\u00f6vetelm\u00e9nyrendszereket \u00e9s k\u00f6rnyezetv\u00e9delmi el\u0151\u00edr\u00e1sokat.<\/p><p>Jelszavunk: Min\u0151s\u00e9g, biztons\u00e1g, pontoss\u00e1g \u00e9s megb\u00edzhat\u00f3s\u00e1g<\/p>\t\t\t\t\t\t\t\t<\/div>\n\t\t\t\t<\/div>\n\t\t\t\t\t<\/div>\n\t\t<\/div>\n\t\t\t\t\t<\/div>\n\t\t<\/section>\n\t\t\t\t<section class=\"elementor-section elementor-top-section elementor-element elementor-element-4721110 elementor-section-boxed elementor-section-height-default elementor-section-height-default\" data-id=\"4721110\" data-element_type=\"section\" data-e-type=\"section\" data-settings=\"{&quot;background_background&quot;:&quot;classic&quot;}\">\n\t\t\t\t\t\t<div class=\"elementor-container elementor-column-gap-default\">\n\t\t\t\t\t<div class=\"elementor-column elementor-col-100 elementor-top-column elementor-element elementor-element-deda5be\" data-id=\"deda5be\" data-element_type=\"column\" data-e-type=\"column\">\n\t\t\t<div class=\"elementor-widget-wrap elementor-element-populated\">\n\t\t\t\t\t\t<div class=\"elementor-element elementor-element-c22fe8b elementor-widget elementor-widget-heading\" data-id=\"c22fe8b\" data-element_type=\"widget\" data-e-type=\"widget\" data-widget_type=\"heading.default\">\n\t\t\t\t<div class=\"elementor-widget-container\">\n\t\t\t\t\t<h2 class=\"elementor-heading-title elementor-size-default\">Gy\u00e1rt\u00e1sunk<\/h2>\t\t\t\t<\/div>\n\t\t\t\t<\/div>\n\t\t\t\t<div class=\"elementor-element elementor-element-6acb3ae elementor-widget elementor-widget-text-editor\" data-id=\"6acb3ae\" data-element_type=\"widget\" data-e-type=\"widget\" data-widget_type=\"text-editor.default\">\n\t\t\t\t<div class=\"elementor-widget-container\">\n\t\t\t\t\t\t\t\t\t<p>Beruh\u00e1z\u00e1sainknak \u00e9s technol\u00f3giai fejleszt\u00e9s\u00fcnknek k\u00f6sz\u00f6nhet\u0151en a Metatox Kft. t\u00f6bb mint 20 \u00e9v tapasztalattal rendelkezik a k\u00e1rtev\u0151irt\u00f3szerek gy\u00e1rt\u00e1s\u00e1ban \u00e9s kiszerel\u00e9s\u00e9ben.<\/p><p>\u00dczem\u00fcnket t\u00f6bb fejleszt\u00e9si \u00fctemben \u00faj\u00edtottuk fel, b\u0151v\u00edtett\u00fck \u00e9s moderniz\u00e1ljuk jelenleg is.<\/p><p>Technol\u00f3giai fejleszt\u00e9seinknek k\u00f6sz\u00f6nhet\u0151en b\u00e1rmilyen hat\u00f3anyag felhaszn\u00e1l\u00e1s\u00e1val alkalmasak vagyunk kis-, \u00e9s nagy kiszerel\u00e9s\u0171 granul\u00e1lt, p\u00e9pes\u00edtett \u00e9s szemes takarm\u00e1nyra felhordott hat\u00f3anyag\u00fa irt\u00f3szerek gy\u00e1rt\u00e1s\u00e1ra, folyad\u00e9k \u00e9s kr\u00e9m alap\u00fa riaszt\u00f3szerek el\u0151\u00e1ll\u00edt\u00e1s\u00e1ra \u00e9s kiszerel\u00e9s\u00e9re, valamint por \u00e9s folyad\u00e9k formul\u00e1ci\u00f3j\u00fa rovar\u00f6l\u0151szerek el\u0151\u00e1ll\u00edt\u00e1s\u00e1ra \u00e9s csomagol\u00e1s\u00e1ra.<\/p><p>T\u00f6rekv\u00e9s\u00fcnk, hogy olyan term\u00e9kk\u00edn\u00e1latot alak\u00edtsunk ki \u00d6n\u00f6knek, amely t\u00f6k\u00e9letes hat\u00e1sfok \u00e9s hat\u00e1start\u00f3ss\u00e1g mellett maxim\u00e1lisan megfelel a k\u00f6rnyezetv\u00e9delmi el\u0151\u00edr\u00e1soknak, ezzel el\u0151seg\u00edtve, hogy haszn\u00e1latuk a lehet\u0151 legkisebb kock\u00e1zattal j\u00e1rjanak mind a felhaszn\u00e1l\u00f3kra, mind pedig a k\u00f6rnyezetre n\u00e9zve.<\/p><p>Due to regulatory changes affecting products with anticoagulant active ingredients, our rodenticide product range is now divided into two categories:<\/p><p>Products with 25ppm (0.0025%) active ingredient content: Available to general users in a maximum package size of 150 grams. Available to professional and trained users in a minimum package size of 3 kg (3 kg, 5 kg, 20 kg, 25 kg, 50 kg).<\/p><p>These products, classified under Category III, are freely accessible on store shelves or directly from our company.<\/p><p>The aesthetically designed retail packages (max. 150 grams) are ideal for display in commercial premises and align perfectly with the visual identity of other products manufactured by Metatox Kft.<\/p><p>Products with 50ppm (0.005%) active ingredient content: Exclusively available to professional and trained users. Retail availability to the general public has been discontinued.<\/p><p>These products can be purchased from our wholesalers or directly from our company, but purchase and use require appropriate documentation (evidence of qualifications).<\/p><p>These products are classified under Category II and may only be sold to professional and trained users. For further information or assistance, please contact us directly!<\/p><p>Tov\u00e1bbi technol\u00f3gi\u00e1ink lehet\u0151v\u00e9 teszik, hogy mind por, mind kr\u00e9m, mind pedig folyad\u00e9k formul\u00e1ci\u00f3j\u00fa term\u00e9keket is k\u00e9pesek vagyunk legy\u00e1rtani \u00e9s csomagolni.<\/p><p>Kereskedelmi forgalomba sz\u00e1nt rovar\u00f6l\u0151 szereinket por formul\u00e1ban gy\u00e1rtjuk, \u00e9s 100gr-t\u00f3l 1kg-os kiszerel\u00e9sben, kisz\u00f3r\u00e1sra alkalmas, illetve elegy\u00edt\u00e9sre alkalmas m\u0171anyag t\u00e9gelyben forgalmazzuk.<\/p><p>A hajt\u00f3-g\u00e1z mentes, mechanikus pump\u00e1val ell\u00e1tott folyad\u00e9k formul\u00e1ban k\u00edn\u00e1lt sz\u00fanyog-, \u00e9s kullancsriaszt\u00f3 szer\u00fcnket 50ml-es t\u00e9rfogatban, m\u00edg a sz\u00fanyog-, \u00e9s kullancsriaszt\u00f3 kr\u00e9m\u00fcnket 40gr t\u00e9rfogat\u00fa m\u0171anyag t\u00e9gelyben k\u00edn\u00e1ljuk vev\u0151inknek.<\/p><p>Szabad kapacit\u00e1saink m\u00e9rt\u00e9k\u00e9ig b\u00e9rgy\u00e1rt\u00e1si tev\u00e9kenys\u00e9gben is \u00e9rdekeltek vagyunk.<\/p><p>F\u0151 feladatunknak tekintj\u00fck a vev\u0151i ig\u00e9nyek megb\u00edzhat\u00f3, maxim\u00e1lis, marad\u00e9ktalan, min\u0151s\u00e9gi kiszolg\u00e1l\u00e1s\u00e1t. Ennek el\u00e9r\u00e9s\u00e9t folyamatos tov\u00e1bbk\u00e9pz\u00e9ssel \u00e9s technikai h\u00e1tt\u00e9rb\u0151v\u00edt\u00e9ssel k\u00edv\u00e1njuk el\u00e9rni. \u00cdgy, amennyiben a fent jelzett term\u00e9kv\u00e1ltozatok k\u00f6z\u00fcl \u00d6n b\u00e9r-gy\u00e1rtatni szeretne, \u00f6r\u00f6mmel vessz\u00fck felk\u00e9r\u00e9s\u00e9t.<\/p>\t\t\t\t\t\t\t\t<\/div>\n\t\t\t\t<\/div>\n\t\t\t\t<div class=\"elementor-element elementor-element-c8c0c4c elementor-widget elementor-widget-image\" data-id=\"c8c0c4c\" data-element_type=\"widget\" data-e-type=\"widget\" data-widget_type=\"image.default\">\n\t\t\t\t<div class=\"elementor-widget-container\">\n\t\t\t\t\t\t\t\t\t\t\t\t\t\t\t<img decoding=\"async\" data-attachment-id=\"24\" data-permalink=\"https:\/\/metatox.com\/en\/?attachment_id=24\" data-orig-file=\"https:\/\/metatox.com\/wp-content\/uploads\/2021\/07\/Logo-Metaox-Gray.png\" data-orig-size=\"300,109\" data-comments-opened=\"1\" data-image-meta=\"{&quot;aperture&quot;:&quot;0&quot;,&quot;credit&quot;:&quot;&quot;,&quot;camera&quot;:&quot;&quot;,&quot;caption&quot;:&quot;&quot;,&quot;created_timestamp&quot;:&quot;0&quot;,&quot;copyright&quot;:&quot;&quot;,&quot;focal_length&quot;:&quot;0&quot;,&quot;iso&quot;:&quot;0&quot;,&quot;shutter_speed&quot;:&quot;0&quot;,&quot;title&quot;:&quot;&quot;,&quot;orientation&quot;:&quot;0&quot;}\" data-image-title=\"Logo-Metaox-Gray\" data-image-description=\"\" data-image-caption=\"\" data-large-file=\"https:\/\/metatox.com\/wp-content\/uploads\/2021\/07\/Logo-Metaox-Gray.png\" width=\"300\" height=\"109\" src=\"https:\/\/metatox.com\/wp-content\/uploads\/2021\/07\/Logo-Metaox-Gray.png\" class=\"attachment-full size-full wp-image-24\" alt=\"\" \/>\t\t\t\t\t\t\t\t\t\t\t\t\t\t\t<\/div>\n\t\t\t\t<\/div>\n\t\t\t\t\t<\/div>\n\t\t<\/div>\n\t\t\t\t\t<\/div>\n\t\t<\/section>\n\t\t\t\t<\/div>","protected":false},"excerpt":{"rendered":"<p>R\u00f3lunk A Metatox Kft. 100%-ban magyar tulajdonban l\u00e9v\u0151 t\u00e1rsas\u00e1g, mely 1990-ben alakult. F\u0151 profilunk a hum\u00e1n k\u00f6rnyezetben alkalmazhat\u00f3 irt\u00f3-, \u00e9s riaszt\u00f3szerek gy\u00e1rt\u00e1sa \u00e9s forgalmaz\u00e1sa. Vel\u0151i megel\u00e9gedetts\u00e9g\u00fcnket \u00e9s piaci r\u00e9szesed\u00e9s\u00fcnket a folyamatos beruh\u00e1z\u00e1sainkkal, technol\u00f3giai fejleszt\u00e9seinkkel \u00e9s term\u00e9kkorszer\u0171s\u00edt\u00e9seinkkel biztos\u00edtjuk. Term\u00e9keink kiv\u00e9tel n\u00e9lk\u00fcl rendelkeznek az \u00f6sszes Eur\u00f3pai Uni\u00f3s szakhat\u00f3s\u00e1gi enged\u00e9lyekkel \u00e9s maxim\u00e1lisan megfelelnek a WHO \u00e9s az EU [&hellip;]<\/p>","protected":false},"author":1,"featured_media":0,"parent":0,"menu_order":0,"comment_status":"closed","ping_status":"closed","template":"","meta":{"ocean_post_layout":"","ocean_both_sidebars_style":"","ocean_both_sidebars_content_width":0,"ocean_both_sidebars_sidebars_width":0,"ocean_sidebar":"","ocean_second_sidebar":"","ocean_disable_margins":"enable","ocean_add_body_class":"","ocean_shortcode_before_top_bar":"","ocean_shortcode_after_top_bar":"","ocean_shortcode_before_header":"","ocean_shortcode_after_header":"","ocean_has_shortcode":"","ocean_shortcode_after_title":"","ocean_shortcode_before_footer_widgets":"","ocean_shortcode_after_footer_widgets":"","ocean_shortcode_before_footer_bottom":"","ocean_shortcode_after_footer_bottom":"","ocean_display_top_bar":"default","ocean_display_header":"default","ocean_header_style":"","ocean_center_header_left_menu":"","ocean_custom_header_template":"","ocean_custom_logo":0,"ocean_custom_retina_logo":0,"ocean_custom_logo_max_width":0,"ocean_custom_logo_tablet_max_width":0,"ocean_custom_logo_mobile_max_width":0,"ocean_custom_logo_max_height":0,"ocean_custom_logo_tablet_max_height":0,"ocean_custom_logo_mobile_max_height":0,"ocean_header_custom_menu":"","ocean_menu_typo_font_family":"","ocean_menu_typo_font_subset":"","ocean_menu_typo_font_size":0,"ocean_menu_typo_font_size_tablet":0,"ocean_menu_typo_font_size_mobile":0,"ocean_menu_typo_font_size_unit":"px","ocean_menu_typo_font_weight":"","ocean_menu_typo_font_weight_tablet":"","ocean_menu_typo_font_weight_mobile":"","ocean_menu_typo_transform":"","ocean_menu_typo_transform_tablet":"","ocean_menu_typo_transform_mobile":"","ocean_menu_typo_line_height":0,"ocean_menu_typo_line_height_tablet":0,"ocean_menu_typo_line_height_mobile":0,"ocean_menu_typo_line_height_unit":"","ocean_menu_typo_spacing":0,"ocean_menu_typo_spacing_tablet":0,"ocean_menu_typo_spacing_mobile":0,"ocean_menu_typo_spacing_unit":"","ocean_menu_link_color":"","ocean_menu_link_color_hover":"","ocean_menu_link_color_active":"","ocean_menu_link_background":"","ocean_menu_link_hover_background":"","ocean_menu_link_active_background":"","ocean_menu_social_links_bg":"","ocean_menu_social_hover_links_bg":"","ocean_menu_social_links_color":"","ocean_menu_social_hover_links_color":"","ocean_disable_title":"default","ocean_disable_heading":"default","ocean_post_title":"","ocean_post_subheading":"","ocean_post_title_style":"","ocean_post_title_background_color":"","ocean_post_title_background":0,"ocean_post_title_bg_image_position":"","ocean_post_title_bg_image_attachment":"","ocean_post_title_bg_image_repeat":"","ocean_post_title_bg_image_size":"","ocean_post_title_height":0,"ocean_post_title_bg_overlay":0.5,"ocean_post_title_bg_overlay_color":"","ocean_disable_breadcrumbs":"default","ocean_breadcrumbs_color":"","ocean_breadcrumbs_separator_color":"","ocean_breadcrumbs_links_color":"","ocean_breadcrumbs_links_hover_color":"","ocean_display_footer_widgets":"default","ocean_display_footer_bottom":"default","ocean_custom_footer_template":"","footnotes":""},"class_list":["post-59","page","type-page","status-publish","hentry","entry","owp-thumbs-layout-horizontal","owp-btn-normal","owp-tabs-layout-vertical","has-no-thumbnails"],"jetpack_sharing_enabled":true,"_links":{"self":[{"href":"https:\/\/metatox.com\/en\/wp-json\/wp\/v2\/pages\/59","targetHints":{"allow":["GET"]}}],"collection":[{"href":"https:\/\/metatox.com\/en\/wp-json\/wp\/v2\/pages"}],"about":[{"href":"https:\/\/metatox.com\/en\/wp-json\/wp\/v2\/types\/page"}],"author":[{"embeddable":true,"href":"https:\/\/metatox.com\/en\/wp-json\/wp\/v2\/users\/1"}],"replies":[{"embeddable":true,"href":"https:\/\/metatox.com\/en\/wp-json\/wp\/v2\/comments?post=59"}],"version-history":[{"count":0,"href":"https:\/\/metatox.com\/en\/wp-json\/wp\/v2\/pages\/59\/revisions"}],"wp:attachment":[{"href":"https:\/\/metatox.com\/en\/wp-json\/wp\/v2\/media?parent=59"}],"curies":[{"name":"wp","href":"https:\/\/api.w.org\/{rel}","templated":true}]}}