{"id":1317,"date":"2021-08-02T12:02:41","date_gmt":"2021-08-02T10:02:41","guid":{"rendered":"https:\/\/metatox.com\/?post_type=product&#038;p=1317"},"modified":"2025-08-22T12:31:14","modified_gmt":"2025-08-22T10:31:14","slug":"porotox-extra-rovarirto-porozoszer-2","status":"publish","type":"product","link":"https:\/\/metatox.com\/en\/uzlet\/professzionalis-termekek\/professzionalis-termekek-rovarirto-szerek\/rovarirto-porozoszerek\/porotox-extra-rovarirto-porozoszer-2\/","title":{"rendered":"POROTOX EXTRA Insecticide Powder \u2013 For Professional Use"},"content":{"rendered":"<p><strong>Product Name:\u2028POROTOX EXTRA Insecticide Powder<br \/>\n<\/strong><strong>Active Ingredient<\/strong>:<\/p>\n<p>0.5% permethrin<\/p>\n<p>0.15% Chrysanthemum cinerariaefolium extract (extracted with supercritical carbon dioxide)<\/p>\n<p>0.3% piperonyl butoxide<\/p>\n<p>0,01% geraniol<\/p>\n<p><strong>Authorization Number<\/strong>: 6553-3\/2021\/JIF<br \/>\n<strong>UFI Code:<\/strong> J360-E0RP-T006-TNYQ<\/p>","protected":false},"excerpt":{"rendered":"<p>Term\u00e9k neve: POROTOX EXTRA rovarirt\u00f3 poroz\u00f3szer Hat\u00f3anyaga: 0,5% permetrin 0,15% Chrysanthemum cinerariaefolium kivonat (szuperkritikus sz\u00e9ndioxiddal kivonva) 0,3% piperonil-butoxid 0,01% geraniol Enged\u00e9lysz\u00e1ma: 6553-3\/2021\/JIF UFI k\u00f3d: J360-E0RP-T006-TNYQ<\/p>","protected":false},"featured_media":3844,"comment_status":"closed","ping_status":"closed","template":"","meta":{"ocean_post_layout":"","ocean_both_sidebars_style":"","ocean_both_sidebars_content_width":0,"ocean_both_sidebars_sidebars_width":0,"ocean_sidebar":"0","ocean_second_sidebar":"0","ocean_disable_margins":"enable","ocean_add_body_class":"","ocean_shortcode_before_top_bar":"","ocean_shortcode_after_top_bar":"","ocean_shortcode_before_header":"","ocean_shortcode_after_header":"","ocean_has_shortcode":"","ocean_shortcode_after_title":"","ocean_shortcode_before_footer_widgets":"","ocean_shortcode_after_footer_widgets":"","ocean_shortcode_before_footer_bottom":"","ocean_shortcode_after_footer_bottom":"","ocean_display_top_bar":"default","ocean_display_header":"default","ocean_header_style":"","ocean_center_header_left_menu":"0","ocean_custom_header_template":"0","ocean_custom_logo":0,"ocean_custom_retina_logo":0,"ocean_custom_logo_max_width":0,"ocean_custom_logo_tablet_max_width":0,"ocean_custom_logo_mobile_max_width":0,"ocean_custom_logo_max_height":0,"ocean_custom_logo_tablet_max_height":0,"ocean_custom_logo_mobile_max_height":0,"ocean_header_custom_menu":"0","ocean_menu_typo_font_family":"0","ocean_menu_typo_font_subset":"","ocean_menu_typo_font_size":0,"ocean_menu_typo_font_size_tablet":0,"ocean_menu_typo_font_size_mobile":0,"ocean_menu_typo_font_size_unit":"px","ocean_menu_typo_font_weight":"","ocean_menu_typo_font_weight_tablet":"","ocean_menu_typo_font_weight_mobile":"","ocean_menu_typo_transform":"","ocean_menu_typo_transform_tablet":"","ocean_menu_typo_transform_mobile":"","ocean_menu_typo_line_height":0,"ocean_menu_typo_line_height_tablet":0,"ocean_menu_typo_line_height_mobile":0,"ocean_menu_typo_line_height_unit":"","ocean_menu_typo_spacing":0,"ocean_menu_typo_spacing_tablet":0,"ocean_menu_typo_spacing_mobile":0,"ocean_menu_typo_spacing_unit":"","ocean_menu_link_color":"","ocean_menu_link_color_hover":"","ocean_menu_link_color_active":"","ocean_menu_link_background":"","ocean_menu_link_hover_background":"","ocean_menu_link_active_background":"","ocean_menu_social_links_bg":"","ocean_menu_social_hover_links_bg":"","ocean_menu_social_links_color":"","ocean_menu_social_hover_links_color":"","ocean_disable_title":"default","ocean_disable_heading":"default","ocean_post_title":"","ocean_post_subheading":"","ocean_post_title_style":"","ocean_post_title_background_color":"","ocean_post_title_background":0,"ocean_post_title_bg_image_position":"","ocean_post_title_bg_image_attachment":"","ocean_post_title_bg_image_repeat":"","ocean_post_title_bg_image_size":"","ocean_post_title_height":0,"ocean_post_title_bg_overlay":0.5,"ocean_post_title_bg_overlay_color":"","ocean_disable_breadcrumbs":"default","ocean_breadcrumbs_color":"","ocean_breadcrumbs_separator_color":"","ocean_breadcrumbs_links_color":"","ocean_breadcrumbs_links_hover_color":"","ocean_display_footer_widgets":"default","ocean_display_footer_bottom":"default","ocean_custom_footer_template":"0"},"product_brand":[],"product_cat":[42,46,45],"product_tag":[],"class_list":{"0":"post-1317","1":"product","2":"type-product","3":"status-publish","4":"has-post-thumbnail","6":"product_cat-professzionalis-termekek","7":"product_cat-rovarirto-porozoszerek","8":"product_cat-professzionalis-termekek-rovarirto-szerek","10":"entry","11":"has-media","13":"first","14":"instock","15":"taxable","16":"shipping-taxable","17":"product-type-variable","18":"col","19":"span_1_of_3","20":"owp-content-center","21":"owp-thumbs-layout-horizontal","22":"owp-btn-normal","23":"owp-tabs-layout-vertical","24":"has-no-thumbnails"},"jetpack_sharing_enabled":true,"_links":{"self":[{"href":"https:\/\/metatox.com\/en\/wp-json\/wp\/v2\/product\/1317","targetHints":{"allow":["GET"]}}],"collection":[{"href":"https:\/\/metatox.com\/en\/wp-json\/wp\/v2\/product"}],"about":[{"href":"https:\/\/metatox.com\/en\/wp-json\/wp\/v2\/types\/product"}],"replies":[{"embeddable":true,"href":"https:\/\/metatox.com\/en\/wp-json\/wp\/v2\/comments?post=1317"}],"wp:featuredmedia":[{"embeddable":true,"href":"https:\/\/metatox.com\/en\/wp-json\/wp\/v2\/media\/3844"}],"wp:attachment":[{"href":"https:\/\/metatox.com\/en\/wp-json\/wp\/v2\/media?parent=1317"}],"wp:term":[{"taxonomy":"product_brand","embeddable":true,"href":"https:\/\/metatox.com\/en\/wp-json\/wp\/v2\/product_brand?post=1317"},{"taxonomy":"product_cat","embeddable":true,"href":"https:\/\/metatox.com\/en\/wp-json\/wp\/v2\/product_cat?post=1317"},{"taxonomy":"product_tag","embeddable":true,"href":"https:\/\/metatox.com\/en\/wp-json\/wp\/v2\/product_tag?post=1317"}],"curies":[{"name":"wp","href":"https:\/\/api.w.org\/{rel}","templated":true}]}}