{"id":1325,"date":"2021-08-02T14:44:54","date_gmt":"2021-08-02T12:44:54","guid":{"rendered":"https:\/\/metatox.com\/?post_type=product&#038;p=1325"},"modified":"2026-03-25T10:32:36","modified_gmt":"2026-03-25T08:32:36","slug":"novoped-tetuirto-hajszesz-emberen-eloskodo-fejtetu-lapostetu-es-ruhatetu-kezelesere-tetu-es-serke","status":"publish","type":"product","link":"https:\/\/metatox.com\/en\/uzlet\/professzionalis-termekek\/tetukezelo-szerek-professzionalis-termekek\/novoped-tetuirto-hajszesz-emberen-eloskodo-fejtetu-lapostetu-es-ruhatetu-kezelesere-tetu-es-serke\/","title":{"rendered":"NOVOPED lice control hairspray for the treatment of head lice, crab lice and clothes lice"},"content":{"rendered":"<p><strong>NOVOPED lice control hairspray for the professional treatment of head lice, crab lice and clothes lice<\/strong><\/p>\n<p><strong>Product name: NOVOPED lice control hairspray<br \/>\n<\/strong><strong>Active Ingredient<\/strong>:<br \/>\n0,5% Chrysanthemum cinerariaefolium extract (szuperkritikus sz\u00e9ndioxiddal kivonva)<br \/>\n1% piperonil-butoxid<\/p>\n<p><strong>Authorization Number<\/strong>: 10117-3\/2021\/JIF<br \/>\n<strong>UFI Code: <\/strong>GD40-90XR-P009-KUAE<\/p>","protected":false},"excerpt":{"rendered":"<p>NOVOPED HAJSZESZ &#8211; emberen \u00e9l\u0151sk\u00f6d\u0151 fejtetvek, lapostet\u0171 \u00e9s ruhatet\u0171 (tet\u0171 \u00e9s serke) elpuszt\u00edt\u00e1s\u00e1ra alkalmas professzion\u00e1lis k\u00e9sz\u00edtm\u00e9ny Term\u00e9k neve: NOVOPED tet\u0171irt\u00f3 hajszesz Hat\u00f3anyaga: 0,5% Chrysanthemum cinerariaefolium extract (szuperkritikus sz\u00e9ndioxiddal kivonva) 1% piperonil-butoxid Enged\u00e9lysz\u00e1ma: 10117-3\/2021\/JIF UFI k\u00f3d: GD40-90XR-P009-KUAE<\/p>","protected":false},"featured_media":3507,"comment_status":"open","ping_status":"closed","template":"","meta":{"ocean_post_layout":"","ocean_both_sidebars_style":"","ocean_both_sidebars_content_width":0,"ocean_both_sidebars_sidebars_width":0,"ocean_sidebar":"0","ocean_second_sidebar":"0","ocean_disable_margins":"enable","ocean_add_body_class":"","ocean_shortcode_before_top_bar":"","ocean_shortcode_after_top_bar":"","ocean_shortcode_before_header":"","ocean_shortcode_after_header":"","ocean_has_shortcode":"","ocean_shortcode_after_title":"","ocean_shortcode_before_footer_widgets":"","ocean_shortcode_after_footer_widgets":"","ocean_shortcode_before_footer_bottom":"","ocean_shortcode_after_footer_bottom":"","ocean_display_top_bar":"default","ocean_display_header":"default","ocean_header_style":"","ocean_center_header_left_menu":"0","ocean_custom_header_template":"0","ocean_custom_logo":0,"ocean_custom_retina_logo":0,"ocean_custom_logo_max_width":0,"ocean_custom_logo_tablet_max_width":0,"ocean_custom_logo_mobile_max_width":0,"ocean_custom_logo_max_height":0,"ocean_custom_logo_tablet_max_height":0,"ocean_custom_logo_mobile_max_height":0,"ocean_header_custom_menu":"0","ocean_menu_typo_font_family":"0","ocean_menu_typo_font_subset":"","ocean_menu_typo_font_size":0,"ocean_menu_typo_font_size_tablet":0,"ocean_menu_typo_font_size_mobile":0,"ocean_menu_typo_font_size_unit":"px","ocean_menu_typo_font_weight":"","ocean_menu_typo_font_weight_tablet":"","ocean_menu_typo_font_weight_mobile":"","ocean_menu_typo_transform":"","ocean_menu_typo_transform_tablet":"","ocean_menu_typo_transform_mobile":"","ocean_menu_typo_line_height":0,"ocean_menu_typo_line_height_tablet":0,"ocean_menu_typo_line_height_mobile":0,"ocean_menu_typo_line_height_unit":"","ocean_menu_typo_spacing":0,"ocean_menu_typo_spacing_tablet":0,"ocean_menu_typo_spacing_mobile":0,"ocean_menu_typo_spacing_unit":"","ocean_menu_link_color":"","ocean_menu_link_color_hover":"","ocean_menu_link_color_active":"","ocean_menu_link_background":"","ocean_menu_link_hover_background":"","ocean_menu_link_active_background":"","ocean_menu_social_links_bg":"","ocean_menu_social_hover_links_bg":"","ocean_menu_social_links_color":"","ocean_menu_social_hover_links_color":"","ocean_disable_title":"default","ocean_disable_heading":"default","ocean_post_title":"","ocean_post_subheading":"","ocean_post_title_style":"","ocean_post_title_background_color":"","ocean_post_title_background":0,"ocean_post_title_bg_image_position":"","ocean_post_title_bg_image_attachment":"","ocean_post_title_bg_image_repeat":"","ocean_post_title_bg_image_size":"","ocean_post_title_height":0,"ocean_post_title_bg_overlay":0.5,"ocean_post_title_bg_overlay_color":"","ocean_disable_breadcrumbs":"default","ocean_breadcrumbs_color":"","ocean_breadcrumbs_separator_color":"","ocean_breadcrumbs_links_color":"","ocean_breadcrumbs_links_hover_color":"","ocean_display_footer_widgets":"default","ocean_display_footer_bottom":"default","ocean_custom_footer_template":"0"},"product_brand":[],"product_cat":[42,49],"product_tag":[],"class_list":{"0":"post-1325","1":"product","2":"type-product","3":"status-publish","4":"has-post-thumbnail","6":"product_cat-professzionalis-termekek","7":"product_cat-tetukezelo-szerek-professzionalis-termekek","9":"entry","10":"has-media","12":"first","13":"instock","14":"taxable","15":"shipping-taxable","16":"product-type-variable","17":"col","18":"span_1_of_3","19":"owp-content-center","20":"owp-thumbs-layout-horizontal","21":"owp-btn-normal","22":"owp-tabs-layout-vertical","23":"has-no-thumbnails"},"jetpack_sharing_enabled":true,"_links":{"self":[{"href":"https:\/\/metatox.com\/en\/wp-json\/wp\/v2\/product\/1325","targetHints":{"allow":["GET"]}}],"collection":[{"href":"https:\/\/metatox.com\/en\/wp-json\/wp\/v2\/product"}],"about":[{"href":"https:\/\/metatox.com\/en\/wp-json\/wp\/v2\/types\/product"}],"replies":[{"embeddable":true,"href":"https:\/\/metatox.com\/en\/wp-json\/wp\/v2\/comments?post=1325"}],"wp:featuredmedia":[{"embeddable":true,"href":"https:\/\/metatox.com\/en\/wp-json\/wp\/v2\/media\/3507"}],"wp:attachment":[{"href":"https:\/\/metatox.com\/en\/wp-json\/wp\/v2\/media?parent=1325"}],"wp:term":[{"taxonomy":"product_brand","embeddable":true,"href":"https:\/\/metatox.com\/en\/wp-json\/wp\/v2\/product_brand?post=1325"},{"taxonomy":"product_cat","embeddable":true,"href":"https:\/\/metatox.com\/en\/wp-json\/wp\/v2\/product_cat?post=1325"},{"taxonomy":"product_tag","embeddable":true,"href":"https:\/\/metatox.com\/en\/wp-json\/wp\/v2\/product_tag?post=1325"}],"curies":[{"name":"wp","href":"https:\/\/api.w.org\/{rel}","templated":true}]}}