{"id":517,"date":"2021-07-28T14:01:44","date_gmt":"2021-07-28T12:01:44","guid":{"rendered":"https:\/\/metatox.com\/?post_type=product&#038;p=517"},"modified":"2024-11-05T13:43:48","modified_gmt":"2024-11-05T11:43:48","slug":"novoped-tetuirto-hajszesz","status":"publish","type":"product","link":"https:\/\/metatox.com\/en\/uzlet\/lakossagi-termekek\/tetukezelo-szer\/novoped-tetuirto-hajszesz\/","title":{"rendered":"NOVOPED LICE TREATMENT HAIR LOTION"},"content":{"rendered":"<p><strong>NOVOPED LICE TREATMENT - effective treatment of head lice, flat lice and clothes lice (lice and scabies) on humans<\/strong><\/p>\n<p class=\"translation-block\">Among the products available in Hungary for the treatment of head lice, pubic lice, and body lice, NOVOPED Lice Treatment Hair Lotion stands out with one of the highest active ingredient concentrations, ensuring exceptional effectiveness.<\/p>\n<p class=\"translation-block\">This undiluted product is guaranteed to eliminate the moving stages and nits of head lice, pubic lice, and body lice with an impressively short 15-minute exposure time!<\/p>\n<p>The product is available in a 50 ml bottle equipped with a tamper-evident seal.<\/p>\n<p>A lice comb is included with the product to aid in the removal of nits.<\/p>\n<p>Each shipping carton contains 15 products.<\/p>\n<p>Upon request, we can also provide customers with 500 ml and 1-liter packaging units under Category III distribution.<\/p>\n<p>For more detailed product information, please refer to additional menu options or our downloadable documents.<\/p>","protected":false},"excerpt":{"rendered":"<p>NOVOPED TET\u0170IRT\u00d3 HAJSZESZ \u2013 emberen \u00e9l\u0151sk\u00f6d\u0151 fejtet\u0171, lapostet\u0171 \u00e9s ruhatet\u0171 (tet\u0171 \u00e9s serke) hat\u00e9kony kezel\u00e9s\u00e9re NOVOPED TET\u0170IRT\u00d3 HAJSZESZ a Magyarorsz\u00e1gon kaphat\u00f3 fejtet\u0171, lapostet\u0171 \u00e9s ruhatet\u0171 kezel\u00e9s\u00e9re szolg\u00e1l\u00f3 term\u00e9kek k\u00f6z\u00fcl az egyik legmagasabb hat\u00f3anyag-tartalommal, \u00edgy legjobb hat\u00e1soss\u00e1ggal rendelkez\u0151 szem\u00e9lykezel\u0151 term\u00e9k. A h\u00edg\u00edtatlan k\u00e9sz\u00edtm\u00e9ny a fejtet\u0171, a lapostet\u0171 \u00e9s a ruhatet\u0171 mozg\u00f3 alakjainak, valamint serk\u00e9inek garant\u00e1lt elpuszt\u00edt\u00e1s\u00e1ra [&hellip;]<\/p>","protected":false},"featured_media":3507,"comment_status":"closed","ping_status":"closed","template":"","meta":{"ocean_post_layout":"","ocean_both_sidebars_style":"","ocean_both_sidebars_content_width":0,"ocean_both_sidebars_sidebars_width":0,"ocean_sidebar":"0","ocean_second_sidebar":"0","ocean_disable_margins":"enable","ocean_add_body_class":"","ocean_shortcode_before_top_bar":"","ocean_shortcode_after_top_bar":"","ocean_shortcode_before_header":"","ocean_shortcode_after_header":"","ocean_has_shortcode":"","ocean_shortcode_after_title":"","ocean_shortcode_before_footer_widgets":"","ocean_shortcode_after_footer_widgets":"","ocean_shortcode_before_footer_bottom":"","ocean_shortcode_after_footer_bottom":"","ocean_display_top_bar":"default","ocean_display_header":"default","ocean_header_style":"","ocean_center_header_left_menu":"0","ocean_custom_header_template":"0","ocean_custom_logo":0,"ocean_custom_retina_logo":0,"ocean_custom_logo_max_width":0,"ocean_custom_logo_tablet_max_width":0,"ocean_custom_logo_mobile_max_width":0,"ocean_custom_logo_max_height":0,"ocean_custom_logo_tablet_max_height":0,"ocean_custom_logo_mobile_max_height":0,"ocean_header_custom_menu":"0","ocean_menu_typo_font_family":"0","ocean_menu_typo_font_subset":"","ocean_menu_typo_font_size":0,"ocean_menu_typo_font_size_tablet":0,"ocean_menu_typo_font_size_mobile":0,"ocean_menu_typo_font_size_unit":"px","ocean_menu_typo_font_weight":"","ocean_menu_typo_font_weight_tablet":"","ocean_menu_typo_font_weight_mobile":"","ocean_menu_typo_transform":"","ocean_menu_typo_transform_tablet":"","ocean_menu_typo_transform_mobile":"","ocean_menu_typo_line_height":0,"ocean_menu_typo_line_height_tablet":0,"ocean_menu_typo_line_height_mobile":0,"ocean_menu_typo_line_height_unit":"","ocean_menu_typo_spacing":0,"ocean_menu_typo_spacing_tablet":0,"ocean_menu_typo_spacing_mobile":0,"ocean_menu_typo_spacing_unit":"","ocean_menu_link_color":"","ocean_menu_link_color_hover":"","ocean_menu_link_color_active":"","ocean_menu_link_background":"","ocean_menu_link_hover_background":"","ocean_menu_link_active_background":"","ocean_menu_social_links_bg":"","ocean_menu_social_hover_links_bg":"","ocean_menu_social_links_color":"","ocean_menu_social_hover_links_color":"","ocean_disable_title":"default","ocean_disable_heading":"default","ocean_post_title":"","ocean_post_subheading":"","ocean_post_title_style":"","ocean_post_title_background_color":"","ocean_post_title_background":0,"ocean_post_title_bg_image_position":"","ocean_post_title_bg_image_attachment":"","ocean_post_title_bg_image_repeat":"","ocean_post_title_bg_image_size":"","ocean_post_title_height":0,"ocean_post_title_bg_overlay":0.5,"ocean_post_title_bg_overlay_color":"","ocean_disable_breadcrumbs":"on","ocean_breadcrumbs_color":"#474747","ocean_breadcrumbs_separator_color":"","ocean_breadcrumbs_links_color":"","ocean_breadcrumbs_links_hover_color":"","ocean_display_footer_widgets":"default","ocean_display_footer_bottom":"default","ocean_custom_footer_template":"0"},"product_brand":[],"product_cat":[41,15],"product_tag":[],"class_list":{"0":"post-517","1":"product","2":"type-product","3":"status-publish","4":"has-post-thumbnail","6":"product_cat-lakossagi-termekek","7":"product_cat-tetukezelo-szer","9":"entry","10":"has-media","12":"first","13":"instock","14":"taxable","15":"shipping-taxable","16":"product-type-variable","17":"col","18":"span_1_of_3","19":"owp-content-center","20":"owp-thumbs-layout-horizontal","21":"owp-btn-normal","22":"owp-tabs-layout-vertical","23":"has-no-thumbnails"},"jetpack_sharing_enabled":true,"_links":{"self":[{"href":"https:\/\/metatox.com\/en\/wp-json\/wp\/v2\/product\/517","targetHints":{"allow":["GET"]}}],"collection":[{"href":"https:\/\/metatox.com\/en\/wp-json\/wp\/v2\/product"}],"about":[{"href":"https:\/\/metatox.com\/en\/wp-json\/wp\/v2\/types\/product"}],"replies":[{"embeddable":true,"href":"https:\/\/metatox.com\/en\/wp-json\/wp\/v2\/comments?post=517"}],"wp:featuredmedia":[{"embeddable":true,"href":"https:\/\/metatox.com\/en\/wp-json\/wp\/v2\/media\/3507"}],"wp:attachment":[{"href":"https:\/\/metatox.com\/en\/wp-json\/wp\/v2\/media?parent=517"}],"wp:term":[{"taxonomy":"product_brand","embeddable":true,"href":"https:\/\/metatox.com\/en\/wp-json\/wp\/v2\/product_brand?post=517"},{"taxonomy":"product_cat","embeddable":true,"href":"https:\/\/metatox.com\/en\/wp-json\/wp\/v2\/product_cat?post=517"},{"taxonomy":"product_tag","embeddable":true,"href":"https:\/\/metatox.com\/en\/wp-json\/wp\/v2\/product_tag?post=517"}],"curies":[{"name":"wp","href":"https:\/\/api.w.org\/{rel}","templated":true}]}}